{"id":5539,"date":"2017-09-29T06:44:25","date_gmt":"2017-09-29T04:44:25","guid":{"rendered":"https:\/\/demo.goodlayers.com\/financity\/?page_id=5539"},"modified":"2025-10-20T14:14:28","modified_gmt":"2025-10-20T12:14:28","slug":"start","status":"publish","type":"page","link":"https:\/\/simp.bielsko.pl\/","title":{"rendered":"Strona g\u0142\u00f3wna"},"content":{"rendered":"\t\t<div data-elementor-type=\"wp-page\" data-elementor-id=\"5539\" class=\"elementor elementor-5539\" data-elementor-post-type=\"page\">\n\t\t\t\t\t\t<section class=\"elementor-section elementor-top-section elementor-element elementor-element-5d48c02 elementor-section-full_width elementor-section-stretched elementor-section-height-default elementor-section-height-default\" data-id=\"5d48c02\" data-element_type=\"section\" data-e-type=\"section\" data-settings=\"{&quot;stretch_section&quot;:&quot;section-stretched&quot;}\">\n\t\t\t\t\t\t<div class=\"elementor-container elementor-column-gap-no\">\n\t\t\t\t\t<div class=\"elementor-column elementor-col-100 elementor-top-column elementor-element elementor-element-54fd9c3\" data-id=\"54fd9c3\" data-element_type=\"column\" data-e-type=\"column\">\n\t\t\t<div class=\"elementor-widget-wrap elementor-element-populated\">\n\t\t\t\t\t\t<div class=\"elementor-element elementor-element-84512e1 elementor-widget elementor-widget-slider_revolution\" data-id=\"84512e1\" data-element_type=\"widget\" data-e-type=\"widget\" data-widget_type=\"slider_revolution.default\">\n\t\t\t\t<div class=\"elementor-widget-container\">\n\t\t\t\t\t\r\n\t\t<div class=\"wp-block-themepunch-revslider\">\n\t\t\t<!-- START 1 REVOLUTION SLIDER 6.6.13 --><p class=\"rs-p-wp-fix\"><\/p>\n\t\t\t<rs-module-wrap id=\"rev_slider_3_1_wrapper\" data-source=\"gallery\" style=\"visibility:hidden;background:transparent;padding:0;margin:0px auto;margin-top:0;margin-bottom:0;background-image:url(http:\/\/coderob.pl\/simp\/page\/wp-content\/uploads\/2023\/06\/1.jpg);background-repeat:no-repeat;background-size:cover;background-position:center center;\">\n\t\t\t\t<rs-module id=\"rev_slider_3_1\" style=\"\" data-version=\"6.6.13\">\n\t\t\t\t\t<rs-slides style=\"overflow: hidden; position: absolute;\">\n\t\t\t\t\t\t<rs-slide style=\"position: absolute;\" data-key=\"rs-5\" data-title=\"Slide\" data-thumb=\"\/\/coderob.pl\/simp\/page\/wp-content\/uploads\/2023\/06\/1.jpg\" data-anim=\"ms:600;\" data-in=\"o:0;\" data-out=\"a:false;\" data-mediafilter=\"aden\">\n\t\t\t\t\t\t\t<img fetchpriority=\"high\" decoding=\"async\" src=\"\/\/simp.bielsko.pl\/wp-content\/plugins\/revslider\/public\/assets\/assets\/dummy.png\" alt=\"Slide\" title=\"1\" width=\"1920\" height=\"600\" class=\"rev-slidebg tp-rs-img rs-lazyload\" data-lazyload=\"\/\/simp.bielsko.pl\/wp-content\/plugins\/revslider\/public\/assets\/assets\/transparent.png\" data-bg=\"p:center top;\" data-parallax=\"off\" data-no-retina>\n<!--\n\t\t\t\t\t\t\t--><rs-layer\n\t\t\t\t\t\t\t\tid=\"slider-3-slide-5-layer-1\" \n\t\t\t\t\t\t\t\tdata-type=\"text\"\n\t\t\t\t\t\t\t\tdata-rsp_ch=\"on\"\n\t\t\t\t\t\t\t\tdata-xy=\"xo:25px,25px,25px,40px;y:m;yo:-50px,-50px,-50px,-86px;\"\n\t\t\t\t\t\t\t\tdata-text=\"s:125,125,125,49;l:115,115,115,51;fw:700;\"\n\t\t\t\t\t\t\t\tdata-dim=\"h:auto,auto,auto,47px;\"\n\t\t\t\t\t\t\t\tdata-frame_0=\"x:50px;\"\n\t\t\t\t\t\t\t\tdata-frame_1=\"sR:10;\"\n\t\t\t\t\t\t\t\tdata-frame_999=\"o:0;st:w;sR:8690;\"\n\t\t\t\t\t\t\t\tstyle=\"z-index:6;font-family:'Barlow Condensed';\"\n\t\t\t\t\t\t\t>Opinie <br \/>rzeczoznawc\u00f3w \n\t\t\t\t\t\t\t<\/rs-layer><!--\n\n\t\t\t\t\t\t\t--><rs-layer\n\t\t\t\t\t\t\t\tid=\"slider-3-slide-5-layer-3\" \n\t\t\t\t\t\t\t\tclass=\"rev-btn\"\n\t\t\t\t\t\t\t\tdata-type=\"button\"\n\t\t\t\t\t\t\t\tdata-xy=\"xo:25px,25px,25px,44px;y:m;yo:150px,150px,150px,94px;\"\n\t\t\t\t\t\t\t\tdata-text=\"s:18;l:17;ls:1px;fw:800;a:inherit;\"\n\t\t\t\t\t\t\t\tdata-padding=\"t:20,20,20,13;r:57,57,57,27;b:20,20,20,19;l:57,57,57,27;\"\n\t\t\t\t\t\t\t\tdata-frame_1=\"st:490;sR:490;\"\n\t\t\t\t\t\t\t\tdata-frame_999=\"o:0;st:w;sR:8210;\"\n\t\t\t\t\t\t\t\tdata-frame_hover=\"c:#007416;bgc:#fff;bor:0px,0px,0px,0px;oX:50;oY:50;sp:0;\"\n\t\t\t\t\t\t\t\tstyle=\"z-index:8;background-color:#007416;font-family:'Barlow Condensed';text-transform:uppercase;cursor:pointer;outline:none;box-shadow:none;box-sizing:border-box;-moz-box-sizing:border-box;-webkit-box-sizing:border-box;\"\n\t\t\t\t\t\t\t>Wi\u0119cej&nbsp;&nbsp;<i class=\"fa-angle-right\"><\/i> \n\t\t\t\t\t\t\t<\/rs-layer><!--\n-->\t\t\t\t\t\t<\/rs-slide>\n\t\t\t\t\t\t<rs-slide style=\"position: absolute;\" data-key=\"rs-8\" data-title=\"Slide\" data-thumb=\"\/\/coderob.pl\/simp\/page\/wp-content\/uploads\/2023\/06\/1.jpg\" data-anim=\"ms:600;\" data-in=\"o:0;\" data-out=\"a:false;\" data-mediafilter=\"aden\">\n\t\t\t\t\t\t\t<img fetchpriority=\"high\" decoding=\"async\" src=\"\/\/simp.bielsko.pl\/wp-content\/plugins\/revslider\/public\/assets\/assets\/dummy.png\" alt=\"Slide\" title=\"1\" width=\"1920\" height=\"600\" class=\"rev-slidebg tp-rs-img rs-lazyload\" data-lazyload=\"\/\/simp.bielsko.pl\/wp-content\/plugins\/revslider\/public\/assets\/assets\/transparent.png\" data-bg=\"p:center top;\" data-parallax=\"off\" data-no-retina>\n<!--\n\t\t\t\t\t\t\t--><rs-layer\n\t\t\t\t\t\t\t\tid=\"slider-3-slide-8-layer-1\" \n\t\t\t\t\t\t\t\tdata-type=\"text\"\n\t\t\t\t\t\t\t\tdata-rsp_ch=\"on\"\n\t\t\t\t\t\t\t\tdata-xy=\"xo:25px,25px,25px,40px;y:m;yo:-50px,-50px,-50px,-86px;\"\n\t\t\t\t\t\t\t\tdata-text=\"s:125,125,125,49;l:115,115,115,51;fw:700;a:inherit;\"\n\t\t\t\t\t\t\t\tdata-dim=\"h:auto,auto,auto,47px;\"\n\t\t\t\t\t\t\t\tdata-frame_0=\"x:50px;\"\n\t\t\t\t\t\t\t\tdata-frame_1=\"sR:10;\"\n\t\t\t\t\t\t\t\tdata-frame_999=\"o:0;st:w;sR:8690;\"\n\t\t\t\t\t\t\t\tstyle=\"z-index:6;font-family:'Barlow Condensed';\"\n\t\t\t\t\t\t\t>Organizacja<br \/>szkole\u0144 i kurs\u00f3w \n\t\t\t\t\t\t\t<\/rs-layer><!--\n\n\t\t\t\t\t\t\t--><rs-layer\n\t\t\t\t\t\t\t\tid=\"slider-3-slide-8-layer-3\" \n\t\t\t\t\t\t\t\tclass=\"rev-btn\"\n\t\t\t\t\t\t\t\tdata-type=\"button\"\n\t\t\t\t\t\t\t\tdata-xy=\"xo:25px,25px,25px,44px;y:m;yo:150px,150px,150px,94px;\"\n\t\t\t\t\t\t\t\tdata-text=\"s:18;l:17;ls:1px;fw:800;a:inherit;\"\n\t\t\t\t\t\t\t\tdata-padding=\"t:20,20,20,13;r:57,57,57,27;b:20,20,20,19;l:57,57,57,27;\"\n\t\t\t\t\t\t\t\tdata-frame_1=\"st:490;sR:490;\"\n\t\t\t\t\t\t\t\tdata-frame_999=\"o:0;st:w;sR:8210;\"\n\t\t\t\t\t\t\t\tdata-frame_hover=\"c:#007416;bgc:#fff;boc:#fff;bor:0px,0px,0px,0px;bos:solid;bow:2px,2px,2px,2px;oX:50;oY:50;sp:0;\"\n\t\t\t\t\t\t\t\tstyle=\"z-index:8;background-color:#007416;font-family:'Barlow Condensed';text-transform:uppercase;cursor:pointer;outline:none;box-shadow:none;box-sizing:border-box;-moz-box-sizing:border-box;-webkit-box-sizing:border-box;\"\n\t\t\t\t\t\t\t>Wi\u0119cej&nbsp;&nbsp;<i class=\"fa-angle-right\"><\/i> \n\t\t\t\t\t\t\t<\/rs-layer><!--\n-->\t\t\t\t\t\t<\/rs-slide>\n\t\t\t\t\t<\/rs-slides>\n\t\t\t\t\t<rs-static-layers class=\"rs-stl-visible\"><!--\n\t\t\t\t\t--><\/rs-static-layers>\n\t\t\t\t<\/rs-module>\n\t\t\t\t<script>\n\t\t\t\t\tsetREVStartSize({c: 'rev_slider_3_1',rl:[1240,1240,1240,480],el:[640,640,640,500],gw:[1300,1300,1300,480],gh:[640,640,640,500],type:'standard',justify:'',layout:'fullwidth',mh:\"0\"});if (window.RS_MODULES!==undefined && window.RS_MODULES.modules!==undefined && window.RS_MODULES.modules[\"revslider31\"]!==undefined) {window.RS_MODULES.modules[\"revslider31\"].once = false;window.revapi3 = undefined;if (window.RS_MODULES.checkMinimal!==undefined) window.RS_MODULES.checkMinimal()}\n\t\t\t\t<\/script>\n\t\t\t<\/rs-module-wrap>\n\t\t\t<!-- END REVOLUTION SLIDER -->\n<\/div>\r\n\r\n\t\t\t\t\t\t<\/div>\n\t\t\t\t<\/div>\n\t\t\t\t\t<\/div>\n\t\t<\/div>\n\t\t\t\t\t<\/div>\n\t\t<\/section>\n\t\t\t\t<section class=\"elementor-section elementor-top-section elementor-element elementor-element-fff77a8 elementor-section-boxed elementor-section-height-default elementor-section-height-default\" data-id=\"fff77a8\" data-element_type=\"section\" data-e-type=\"section\">\n\t\t\t\t\t\t<div class=\"elementor-container elementor-column-gap-no\">\n\t\t\t\t\t<div class=\"elementor-column elementor-col-100 elementor-top-column elementor-element elementor-element-55944c9\" data-id=\"55944c9\" data-element_type=\"column\" data-e-type=\"column\">\n\t\t\t<div class=\"elementor-widget-wrap elementor-element-populated\">\n\t\t\t\t\t\t<div class=\"elementor-element elementor-element-692356e elementor-widget elementor-widget-heading\" data-id=\"692356e\" data-element_type=\"widget\" data-e-type=\"widget\" data-widget_type=\"heading.default\">\n\t\t\t\t<div class=\"elementor-widget-container\">\n\t\t\t\t\t<h2 class=\"elementor-heading-title elementor-size-default\">Aktualno\u015bci<\/h2>\t\t\t\t<\/div>\n\t\t\t\t<\/div>\n\t\t\t\t<div class=\"elementor-element elementor-element-f66e7c1 elementor-posts--thumbnail-none elementor-grid-3 elementor-grid-tablet-2 elementor-grid-mobile-1 elementor-widget elementor-widget-posts\" data-id=\"f66e7c1\" data-element_type=\"widget\" data-e-type=\"widget\" data-settings=\"{&quot;classic_row_gap&quot;:{&quot;unit&quot;:&quot;px&quot;,&quot;size&quot;:50,&quot;sizes&quot;:[]},&quot;classic_columns&quot;:&quot;3&quot;,&quot;classic_columns_tablet&quot;:&quot;2&quot;,&quot;classic_columns_mobile&quot;:&quot;1&quot;,&quot;classic_row_gap_tablet&quot;:{&quot;unit&quot;:&quot;px&quot;,&quot;size&quot;:&quot;&quot;,&quot;sizes&quot;:[]},&quot;classic_row_gap_mobile&quot;:{&quot;unit&quot;:&quot;px&quot;,&quot;size&quot;:&quot;&quot;,&quot;sizes&quot;:[]}}\" data-widget_type=\"posts.classic\">\n\t\t\t\t<div class=\"elementor-widget-container\">\n\t\t\t\t\t\t\t<div class=\"elementor-posts-container elementor-posts elementor-posts--skin-classic elementor-grid\" role=\"list\">\n\t\t\t\t<article class=\"elementor-post elementor-grid-item post-6499 post type-post status-publish format-standard hentry category-aktualnosci\" role=\"listitem\">\n\t\t\t\t<div class=\"elementor-post__text\">\n\t\t\t\t<h3 class=\"elementor-post__title\">\n\t\t\t<a href=\"https:\/\/simp.bielsko.pl\/index.php\/2026\/04\/10\/zaproszenie-na-wyklad-proces-neutralizacji-i-stracania-metali-ciezkich-w-sciekach-po-przetworzeniu-emulsji-olejowych\/\" >\n\t\t\t\tZaproszenie na wyk\u0142ad: Proces neutralizacji i str\u0105cania metali ci\u0119\u017ckich w \u015bciekach  po przetworzeniu emulsji olejowych\t\t\t<\/a>\n\t\t<\/h3>\n\t\t\t\t<div class=\"elementor-post__meta-data\">\n\t\t\t\t\t<span class=\"elementor-post-date\">\n\t\t\t2026-04-10\t\t<\/span>\n\t\t\t\t<\/div>\n\t\t\t\t<div class=\"elementor-post__excerpt\">\n\t\t\t<p>Oddzia\u0142 Bielsko-Bialski Polskiego Towarzystwa Mechaniki Teoretycznej i Stosowanej oraz Uczelniany Oddzia\u0142 SIMP przy Uniwersytecie Bielsko-Bialskim zapraszaj\u0105 na zebranie naukowe, w ramach kt\u00f3rego wyk\u0142ad pt.: Proces<\/p>\n\t\t<\/div>\n\t\t\t\t\t<div class=\"elementor-post__read-more-wrapper\">\n\t\t\n\t\t<a class=\"elementor-post__read-more\" href=\"https:\/\/simp.bielsko.pl\/index.php\/2026\/04\/10\/zaproszenie-na-wyklad-proces-neutralizacji-i-stracania-metali-ciezkich-w-sciekach-po-przetworzeniu-emulsji-olejowych\/\" aria-label=\"Read more about Zaproszenie na wyk\u0142ad: Proces neutralizacji i str\u0105cania metali ci\u0119\u017ckich w \u015bciekach  po przetworzeniu emulsji olejowych\" tabindex=\"-1\" >\n\t\t\tCzytaj wi\u0119cej\t\t<\/a>\n\n\t\t\t\t\t<\/div>\n\t\t\t\t<\/div>\n\t\t\t\t<\/article>\n\t\t\t\t<article class=\"elementor-post elementor-grid-item post-6347 post type-post status-publish format-standard hentry category-aktualnosci\" role=\"listitem\">\n\t\t\t\t<div class=\"elementor-post__text\">\n\t\t\t\t<h3 class=\"elementor-post__title\">\n\t\t\t<a href=\"https:\/\/simp.bielsko.pl\/index.php\/2026\/01\/08\/zaproszenie-na-wyklad-rozwiazania-konstrukcyjne-i-wybrane-problemy-z-lozyskami-walow-i-osi-w-napedach-samochodow-elektrycznych\/\" >\n\t\t\t\tZaproszenie na wyk\u0142ad: Rozwi\u0105zania konstrukcyjne i wybrane problemy z \u0142o\u017cyskami wa\u0142\u00f3w i osi w nap\u0119dach samochod\u00f3w elektrycznych\t\t\t<\/a>\n\t\t<\/h3>\n\t\t\t\t<div class=\"elementor-post__meta-data\">\n\t\t\t\t\t<span class=\"elementor-post-date\">\n\t\t\t2026-01-08\t\t<\/span>\n\t\t\t\t<\/div>\n\t\t\t\t<div class=\"elementor-post__excerpt\">\n\t\t\t<p>Oddzia\u0142\u00a0Bielsko-Bialski\u00a0Polskiego Towarzystwa Mechaniki Teoretycznej i Stosowanej oraz Uczelniany\u00a0Oddzia\u0142 SIMP\u00a0przy\u00a0Uniwersytecie Bielsko-Bialskim zapraszaj\u0105\u00a0na zebranie naukowe, w ramach kt\u00f3rego wyk\u0142ad pt.:\u00a0Rozwi\u0105zania konstrukcyjne i wybrane problemy\u00a0z \u0142o\u017cyskami wa\u0142\u00f3w i<\/p>\n\t\t<\/div>\n\t\t\t\t\t<div class=\"elementor-post__read-more-wrapper\">\n\t\t\n\t\t<a class=\"elementor-post__read-more\" href=\"https:\/\/simp.bielsko.pl\/index.php\/2026\/01\/08\/zaproszenie-na-wyklad-rozwiazania-konstrukcyjne-i-wybrane-problemy-z-lozyskami-walow-i-osi-w-napedach-samochodow-elektrycznych\/\" aria-label=\"Read more about Zaproszenie na wyk\u0142ad: Rozwi\u0105zania konstrukcyjne i wybrane problemy z \u0142o\u017cyskami wa\u0142\u00f3w i osi w nap\u0119dach samochod\u00f3w elektrycznych\" tabindex=\"-1\" >\n\t\t\tCzytaj wi\u0119cej\t\t<\/a>\n\n\t\t\t\t\t<\/div>\n\t\t\t\t<\/div>\n\t\t\t\t<\/article>\n\t\t\t\t<article class=\"elementor-post elementor-grid-item post-6344 post type-post status-publish format-standard hentry category-aktualnosci\" role=\"listitem\">\n\t\t\t\t<div class=\"elementor-post__text\">\n\t\t\t\t<h3 class=\"elementor-post__title\">\n\t\t\t<a href=\"https:\/\/simp.bielsko.pl\/index.php\/2025\/12\/03\/zaproszenie-na-wyklad-wyklad-zastosowanie-zjawiska-antyrezonansu-do-redukcji-oddzialywan-dynamicznych-maszyn-wibracyjnych\/\" >\n\t\t\t\tZaproszenie na wyk\u0142ad: Wyk\u0142ad: Zastosowanie zjawiska antyrezonansu do redukcji oddzia\u0142ywa\u0144 dynamicznych maszyn wibracyjnych\t\t\t<\/a>\n\t\t<\/h3>\n\t\t\t\t<div class=\"elementor-post__meta-data\">\n\t\t\t\t\t<span class=\"elementor-post-date\">\n\t\t\t2025-12-03\t\t<\/span>\n\t\t\t\t<\/div>\n\t\t\t\t<div class=\"elementor-post__excerpt\">\n\t\t\t<p>Oddzia\u0142\u00a0Bielsko-Bialski\u00a0Polskiego Towarzystwa Mechaniki Teoretycznej i Stosowanej oraz Uczelniany\u00a0Oddzia\u0142 SIMP\u00a0przy\u00a0Uniwersytecie Bielsko-Bialskim zapraszaj\u0105\u00a0na zebranie naukowe, w ramach kt\u00f3rego wyk\u0142ad pt.:\u00a0Zastosowanie zjawiska antyrezonansu\u00a0do redukcji\u00a0oddzia\u0142ywa\u0144 dynamicznych maszyn\u00a0wibracyjnych wyg\u0142osz\u0105: dr<\/p>\n\t\t<\/div>\n\t\t\t\t\t<div class=\"elementor-post__read-more-wrapper\">\n\t\t\n\t\t<a class=\"elementor-post__read-more\" href=\"https:\/\/simp.bielsko.pl\/index.php\/2025\/12\/03\/zaproszenie-na-wyklad-wyklad-zastosowanie-zjawiska-antyrezonansu-do-redukcji-oddzialywan-dynamicznych-maszyn-wibracyjnych\/\" aria-label=\"Read more about Zaproszenie na wyk\u0142ad: Wyk\u0142ad: Zastosowanie zjawiska antyrezonansu do redukcji oddzia\u0142ywa\u0144 dynamicznych maszyn wibracyjnych\" tabindex=\"-1\" >\n\t\t\tCzytaj wi\u0119cej\t\t<\/a>\n\n\t\t\t\t\t<\/div>\n\t\t\t\t<\/div>\n\t\t\t\t<\/article>\n\t\t\t\t<article class=\"elementor-post elementor-grid-item post-6334 post type-post status-publish format-standard hentry category-aktualnosci\" role=\"listitem\">\n\t\t\t\t<div class=\"elementor-post__text\">\n\t\t\t\t<h3 class=\"elementor-post__title\">\n\t\t\t<a href=\"https:\/\/simp.bielsko.pl\/index.php\/2025\/12\/03\/zaproszenie-na-xv-miedzynarodowa-konferencje-studentow-i-doktorantow-inzynier-xxi-wieku\/\" >\n\t\t\t\tZaproszenie na XV Mi\u0119dzynarodow\u0105 Konferencj\u0119 Student\u00f3w i Doktorant\u00f3w \u201eIn\u017cynier XXI wieku\u201d\t\t\t<\/a>\n\t\t<\/h3>\n\t\t\t\t<div class=\"elementor-post__meta-data\">\n\t\t\t\t\t<span class=\"elementor-post-date\">\n\t\t\t2025-12-03\t\t<\/span>\n\t\t\t\t<\/div>\n\t\t\t\t<div class=\"elementor-post__excerpt\">\n\t\t\t<p>5 grudnia 2025 r. na Uniwersytecie Bielsko-Bialskim odb\u0119dzie si\u0119&nbsp;XV edycja Mi\u0119dzynarodowej Konferencji Student\u00f3w i Doktorant\u00f3w \u201eIn\u017cynier XXI wieku\u201d, organizowana przez Ko\u0142o Naukowe \u201eIn\u017cynier XXI wieku\u201d<\/p>\n\t\t<\/div>\n\t\t\t\t\t<div class=\"elementor-post__read-more-wrapper\">\n\t\t\n\t\t<a class=\"elementor-post__read-more\" href=\"https:\/\/simp.bielsko.pl\/index.php\/2025\/12\/03\/zaproszenie-na-xv-miedzynarodowa-konferencje-studentow-i-doktorantow-inzynier-xxi-wieku\/\" aria-label=\"Read more about Zaproszenie na XV Mi\u0119dzynarodow\u0105 Konferencj\u0119 Student\u00f3w i Doktorant\u00f3w \u201eIn\u017cynier XXI wieku\u201d\" tabindex=\"-1\" >\n\t\t\tCzytaj wi\u0119cej\t\t<\/a>\n\n\t\t\t\t\t<\/div>\n\t\t\t\t<\/div>\n\t\t\t\t<\/article>\n\t\t\t\t<article class=\"elementor-post elementor-grid-item post-6220 post type-post status-publish format-standard hentry category-aktualnosci\" role=\"listitem\">\n\t\t\t\t<div class=\"elementor-post__text\">\n\t\t\t\t<h3 class=\"elementor-post__title\">\n\t\t\t<a href=\"https:\/\/simp.bielsko.pl\/index.php\/2025\/05\/23\/zaproszenie-na-wyklad-metoda-elementow-brzegowych-w-mechanice-ukladow-odksztalcalnych\/\" >\n\t\t\t\tZaproszenie na wyk\u0142ad: Metoda element\u00f3w brzegowych w mechanice uk\u0142ad\u00f3w odkszta\u0142calnych\t\t\t<\/a>\n\t\t<\/h3>\n\t\t\t\t<div class=\"elementor-post__meta-data\">\n\t\t\t\t\t<span class=\"elementor-post-date\">\n\t\t\t2025-05-23\t\t<\/span>\n\t\t\t\t<\/div>\n\t\t\t\t<div class=\"elementor-post__excerpt\">\n\t\t\t<p>Oddzia\u0142 Bielsko-Bialski Polskiego Towarzystwa Mechaniki Teoretycznej i Stosowanej oraz Uczelniany Oddzia\u0142 SIMP przy Uniwersytecie Bielsko-Bialskim zapraszaj\u0105 na zebranie naukowe, w ramach kt\u00f3rego wyk\u0142ad, pt.:\u00a0Metoda element\u00f3w<\/p>\n\t\t<\/div>\n\t\t\t\t\t<div class=\"elementor-post__read-more-wrapper\">\n\t\t\n\t\t<a class=\"elementor-post__read-more\" href=\"https:\/\/simp.bielsko.pl\/index.php\/2025\/05\/23\/zaproszenie-na-wyklad-metoda-elementow-brzegowych-w-mechanice-ukladow-odksztalcalnych\/\" aria-label=\"Read more about Zaproszenie na wyk\u0142ad: Metoda element\u00f3w brzegowych w mechanice uk\u0142ad\u00f3w odkszta\u0142calnych\" tabindex=\"-1\" >\n\t\t\tCzytaj wi\u0119cej\t\t<\/a>\n\n\t\t\t\t\t<\/div>\n\t\t\t\t<\/div>\n\t\t\t\t<\/article>\n\t\t\t\t<article class=\"elementor-post elementor-grid-item post-6218 post type-post status-publish format-standard hentry category-aktualnosci\" role=\"listitem\">\n\t\t\t\t<div class=\"elementor-post__text\">\n\t\t\t\t<h3 class=\"elementor-post__title\">\n\t\t\t<a href=\"https:\/\/simp.bielsko.pl\/index.php\/2025\/05\/13\/zaproszenie-na-wyklad-zastosowanie-mes-w-projektowaniu-uszczelnien-odpowiedzialnych-instalacji-cisnieniowych\/\" >\n\t\t\t\tZaproszenie na wyk\u0142ad: Zastosowanie MES w projektowaniu uszczelnie\u0144 odpowiedzialnych instalacji ci\u015bnieniowych\t\t\t<\/a>\n\t\t<\/h3>\n\t\t\t\t<div class=\"elementor-post__meta-data\">\n\t\t\t\t\t<span class=\"elementor-post-date\">\n\t\t\t2025-05-13\t\t<\/span>\n\t\t\t\t<\/div>\n\t\t\t\t<div class=\"elementor-post__excerpt\">\n\t\t\t<p>Oddzia\u0142 Bielsko-Bialski Polskiego Towarzystwa Mechaniki Teoretycznej i Stosowanej oraz Uczelniany Oddzia\u0142 SIMP przy Uniwersytecie Bielsko-Bialskim zapraszaj\u0105 na zebranie naukowe, w ramach kt\u00f3rego wyk\u0142ad, pt.:\u00a0Zastosowanie metody<\/p>\n\t\t<\/div>\n\t\t\t\t\t<div class=\"elementor-post__read-more-wrapper\">\n\t\t\n\t\t<a class=\"elementor-post__read-more\" href=\"https:\/\/simp.bielsko.pl\/index.php\/2025\/05\/13\/zaproszenie-na-wyklad-zastosowanie-mes-w-projektowaniu-uszczelnien-odpowiedzialnych-instalacji-cisnieniowych\/\" aria-label=\"Read more about Zaproszenie na wyk\u0142ad: Zastosowanie MES w projektowaniu uszczelnie\u0144 odpowiedzialnych instalacji ci\u015bnieniowych\" tabindex=\"-1\" >\n\t\t\tCzytaj wi\u0119cej\t\t<\/a>\n\n\t\t\t\t\t<\/div>\n\t\t\t\t<\/div>\n\t\t\t\t<\/article>\n\t\t\t\t<\/div>\n\t\t\n\t\t\t\t\t\t<\/div>\n\t\t\t\t<\/div>\n\t\t\t\t\t<\/div>\n\t\t<\/div>\n\t\t\t\t\t<\/div>\n\t\t<\/section>\n\t\t\t\t<section class=\"elementor-section elementor-top-section elementor-element elementor-element-1ce7b25 elementor-section-content-middle elementor-section-boxed elementor-section-height-default elementor-section-height-default\" data-id=\"1ce7b25\" data-element_type=\"section\" data-e-type=\"section\">\n\t\t\t\t\t\t<div class=\"elementor-container elementor-column-gap-default\">\n\t\t\t\t\t<div class=\"elementor-column elementor-col-100 elementor-top-column elementor-element elementor-element-c65a602\" data-id=\"c65a602\" data-element_type=\"column\" data-e-type=\"column\">\n\t\t\t<div class=\"elementor-widget-wrap elementor-element-populated\">\n\t\t\t\t\t\t<div class=\"elementor-element elementor-element-71bbb67 elementor-pagination-position-outside elementor-widget elementor-widget-image-carousel\" data-id=\"71bbb67\" data-element_type=\"widget\" data-e-type=\"widget\" data-settings=\"{&quot;slides_to_show&quot;:&quot;5&quot;,&quot;slides_to_scroll&quot;:&quot;1&quot;,&quot;navigation&quot;:&quot;dots&quot;,&quot;autoplay&quot;:&quot;yes&quot;,&quot;pause_on_hover&quot;:&quot;yes&quot;,&quot;pause_on_interaction&quot;:&quot;yes&quot;,&quot;autoplay_speed&quot;:5000,&quot;infinite&quot;:&quot;yes&quot;,&quot;speed&quot;:500}\" data-widget_type=\"image-carousel.default\">\n\t\t\t\t<div class=\"elementor-widget-container\">\n\t\t\t\t\t\t\t<div class=\"elementor-image-carousel-wrapper swiper\" role=\"region\" aria-roledescription=\"carousel\" aria-label=\"Karuzela obrazk\u00f3w\" dir=\"ltr\">\n\t\t\t<div class=\"elementor-image-carousel swiper-wrapper\" aria-live=\"off\">\n\t\t\t\t\t\t\t\t<div class=\"swiper-slide\" role=\"group\" aria-roledescription=\"slide\" aria-label=\"1 z 5\"><figure class=\"swiper-slide-inner\"><img decoding=\"async\" class=\"swiper-slide-image\" src=\"https:\/\/simp.bielsko.pl\/wp-content\/uploads\/2023\/07\/ath.png\" alt=\"ath\" \/><\/figure><\/div><div class=\"swiper-slide\" role=\"group\" aria-roledescription=\"slide\" aria-label=\"2 z 5\"><figure class=\"swiper-slide-inner\"><img decoding=\"async\" class=\"swiper-slide-image\" src=\"https:\/\/simp.bielsko.pl\/wp-content\/uploads\/2023\/07\/spetech.png\" alt=\"spetech\" \/><\/figure><\/div><div class=\"swiper-slide\" role=\"group\" aria-roledescription=\"slide\" aria-label=\"3 z 5\"><figure class=\"swiper-slide-inner\"><img decoding=\"async\" class=\"swiper-slide-image\" src=\"https:\/\/simp.bielsko.pl\/wp-content\/uploads\/2023\/07\/bosmal.png\" alt=\"bosmal\" \/><\/figure><\/div><div class=\"swiper-slide\" role=\"group\" aria-roledescription=\"slide\" aria-label=\"4 z 5\"><figure class=\"swiper-slide-inner\"><img decoding=\"async\" class=\"swiper-slide-image\" src=\"https:\/\/simp.bielsko.pl\/wp-content\/uploads\/2023\/07\/m3-1.png\" alt=\"m3\" \/><\/figure><\/div><div class=\"swiper-slide\" role=\"group\" aria-roledescription=\"slide\" aria-label=\"5 z 5\"><figure class=\"swiper-slide-inner\"><img decoding=\"async\" class=\"swiper-slide-image\" src=\"https:\/\/simp.bielsko.pl\/wp-content\/uploads\/2023\/07\/ci.png\" alt=\"ci\" \/><\/figure><\/div>\t\t\t<\/div>\n\t\t\t\t\t\t\t\n\t\t\t\t\t\t\t\t\t<div class=\"swiper-pagination\"><\/div>\n\t\t\t\t\t\t\t\t\t<\/div>\n\t\t\t\t\t\t<\/div>\n\t\t\t\t<\/div>\n\t\t\t\t\t<\/div>\n\t\t<\/div>\n\t\t\t\t\t<\/div>\n\t\t<\/section>\n\t\t\t\t<\/div>\n\t\t","protected":false},"excerpt":{"rendered":"<p>Aktualno\u015bci<\/p>\n","protected":false},"author":1,"featured_media":0,"parent":0,"menu_order":0,"comment_status":"closed","ping_status":"closed","template":"","meta":{"footnotes":""},"class_list":["post-5539","page","type-page","status-publish","hentry"],"_links":{"self":[{"href":"https:\/\/simp.bielsko.pl\/index.php\/wp-json\/wp\/v2\/pages\/5539","targetHints":{"allow":["GET"]}}],"collection":[{"href":"https:\/\/simp.bielsko.pl\/index.php\/wp-json\/wp\/v2\/pages"}],"about":[{"href":"https:\/\/simp.bielsko.pl\/index.php\/wp-json\/wp\/v2\/types\/page"}],"author":[{"embeddable":true,"href":"https:\/\/simp.bielsko.pl\/index.php\/wp-json\/wp\/v2\/users\/1"}],"replies":[{"embeddable":true,"href":"https:\/\/simp.bielsko.pl\/index.php\/wp-json\/wp\/v2\/comments?post=5539"}],"version-history":[{"count":41,"href":"https:\/\/simp.bielsko.pl\/index.php\/wp-json\/wp\/v2\/pages\/5539\/revisions"}],"predecessor-version":[{"id":6292,"href":"https:\/\/simp.bielsko.pl\/index.php\/wp-json\/wp\/v2\/pages\/5539\/revisions\/6292"}],"wp:attachment":[{"href":"https:\/\/simp.bielsko.pl\/index.php\/wp-json\/wp\/v2\/media?parent=5539"}],"curies":[{"name":"wp","href":"https:\/\/api.w.org\/{rel}","templated":true}]}}