{"id":5936,"date":"2023-07-05T07:34:42","date_gmt":"2023-07-05T05:34:42","guid":{"rendered":"http:\/\/coderob.pl\/simp\/page\/?page_id=5936"},"modified":"2023-07-05T07:36:10","modified_gmt":"2023-07-05T05:36:10","slug":"rys-historyczny-oddzialu-simp-w-bielsku-bialej","status":"publish","type":"page","link":"https:\/\/simp.bielsko.pl\/index.php\/rys-historyczny-oddzialu-simp-w-bielsku-bialej\/","title":{"rendered":"Rys historyczny Oddzia\u0142u SIMP w Bielsku-Bia\u0142ej"},"content":{"rendered":"\t\t<div data-elementor-type=\"wp-page\" data-elementor-id=\"5936\" class=\"elementor elementor-5936\" data-elementor-post-type=\"page\">\n\t\t\t\t\t\t<section class=\"elementor-section elementor-top-section elementor-element elementor-element-a9ea9d7 elementor-section-boxed elementor-section-height-default elementor-section-height-default\" data-id=\"a9ea9d7\" data-element_type=\"section\" data-e-type=\"section\">\n\t\t\t\t\t\t<div class=\"elementor-container elementor-column-gap-default\">\n\t\t\t\t\t<div class=\"elementor-column elementor-col-100 elementor-top-column elementor-element elementor-element-765788c\" data-id=\"765788c\" data-element_type=\"column\" data-e-type=\"column\">\n\t\t\t<div class=\"elementor-widget-wrap elementor-element-populated\">\n\t\t\t\t\t\t<div class=\"elementor-element elementor-element-9791b58 elementor-widget elementor-widget-text-editor\" data-id=\"9791b58\" data-element_type=\"widget\" data-e-type=\"widget\" data-widget_type=\"text-editor.default\">\n\t\t\t\t<div class=\"elementor-widget-container\">\n\t\t\t\t\t\t\t\t\t<p>Na Podbeskidziu powo\u0142ano pierwsze struktury SIMP w okresie gdzie w Polsce by\u0142y 4 Oddzia\u0142y SIMP we Lwowie, Poznaniu, Radomiu i Skar\u017cysku. Zarz\u0105d G\u0142\u00f3wny SIMP podj\u0105\u0142 uchwa\u0142\u0119 o powo\u0142aniu w dniu 23-01-1936r regionalnego Ko\u0142a SIMP przy Walcowni Metali \u201eDziedzice\u201d w Dziedzicach z siedzib\u0105 w Bielsku. W listopadzie 1938r Zarz\u0105d G\u0142\u00f3wny SIMP przekszta\u0142ci\u0142 dotychczasowe struktury SIMP w Oddzia\u0142 SIMP.<\/p><p>Pierwszym Prezesem SIMP w okresie przedwojennym by\u0142 wybitny fachowiec kol. Jerzy Meier, absolwent Politechniki Lwowskiej, kt\u00f3ry by\u0142 kierownikiem Laboratorium Naukowo Badawczego w Walcowni Metali \u201eDziedzice\u201d stanowi\u0105cej jednocze\u015bnie zaplecze Politechniki Lwowskiej. Po wybuchu wojny kol. Jerzy Meier wyjecha\u0142 do Kanady, gdzie w kwietniu 1941r zak\u0142ada Stowarzyszenie Technik\u00f3w Polskich w Ottawie, kt\u00f3re w Kanadzie dzia\u0142a do dzisiaj. Do Polski po wojnie ju\u017c nie powr\u00f3ci\u0142 i zmar\u0142 w Kanadzie w 1986r .<\/p><p>Pierwszym V-ce Prezesem SIMP w okresie przedwojennym by\u0142 kol. Tadeusz Chlipalski absolwent Politechniki Lwowskiej, wybitny pilot, konstruktor i naukowiec. Tw\u00f3rca lotnictwa na Podbeskidziu. Kierownik Szko\u0142y Szybowcowej w 1934r w Goleszowie oraz w latach 1935-1938 Kierownik \u015al\u0105skich Warsztat\u00f3w Szybowcowych w Bielsku (gdzie SIMP mia\u0142 swoj\u0105 siedzib\u0119). W czasie wojny pracowa\u0142 w przemy\u015ble lotniczym we Francji i Anglii. Po wojnie Profesor Politechniki \u015al\u0105skiej i Politechniki Krakowskiej. Zmar\u0142 w 1997r .<\/p><p>Celem dzia\u0142alno\u015bci SIMP w okresie przedwojennym by\u0142o zjednanie do swego grona og\u00f3\u0142u in\u017cynier\u00f3w mechanik\u00f3w na \u015al\u0105sku Cieszy\u0144skim oraz utworzenie biblioteki i czytelni czasopism technicznych. Na oko\u0142o 40 in\u017cynier\u00f3w w Dziedzicach, Bielsku i Cieszynie w wi\u0119kszo\u015bci absolwent\u00f3w Politechniki Lwowskiej do SIMP nale\u017ca\u0142o 22 in\u017cynier\u00f3w. Wynika z tego jednoznacznie, i\u017c mimo wp\u0142yw\u00f3w niemieckich w Bielsku, istnia\u0142a potrzeba organizowania si\u0119 in\u017cynier\u00f3w w silne organizacje techniczne, gdy\u017c tylko w takiej formie mo\u017cna by\u0142o zaistnie\u0107, doskonali\u0107 si\u0119 i podnosi\u0107 rang\u0119 zawodu in\u017cyniera.<\/p><p>Druga wojna \u015bwiatowa sparali\u017cowa\u0142a wszelk\u0105 dzia\u0142alno\u015b\u0107 spo\u0142eczn\u0105 w regionie Podbeskidzia, wielu dzia\u0142aczy zgin\u0119\u0142o na jej frontach, w obozach jenieckich i obozach koncentracyjnych. Nieliczni z ocala\u0142ych in\u017cynier\u00f3w powr\u00f3cili w 1945r w swe rodzinne strony i natychmiast w\u0142\u0105czyli si\u0119 w odbudow\u0119 zniszczonego przemys\u0142u. W okresie powojennym powsta\u0142o 20-05-1946r pierwsze Regionalne Ko\u0142o SIMP przy \u201eBEFAMIE\u201d a jego inicjatorem i Prezesem by\u0142 przyby\u0142y z Warszawy Prof. Zbigniew Muszy\u0144ski. W tym okresie ka\u017cdy cz\u0142onek SIMP wp\u0142aca\u0142 po 100z\u0142 na odbudow\u0119 Warszawy i prenumerowa\u0142 Przegl\u0105d Mechaniczny. Po 1950r ros\u0142y szeregi Stowarzyszenia, bielski Oddzia\u0142 SIMP dzia\u0142a\u0142 w regionie zwanym \u201estu przemys\u0142\u00f3w\u201d. W tym czasie powstaj\u0105 przy Oddziale sekcje: samochodowa, lotnicza ,odlewnicza, spawalnicza, metaloznawstwa i inne.<\/p><p>W 70-letniej historii SIMP w Bielsku Bia\u0142ej i na Podbeskidziu funkcje Prezesa SIMP pe\u0142nili w kolejno\u015bci:<\/p><ul id=\"punkt\"><li>kol. Jerzy Meier (1936-1939),<\/li><li>kol. Zbigniew Muszy\u0144ski (1946-1948),<\/li><li>kol. Kazimierz Daniszewski (1948-1950),<\/li><li>kol. Irena Kaniewska (1951-1952),<\/li><li>kol. Fryderyk Blumke (1952-1953),<\/li><li>kol. Erwin Dylik (1953-1972),<\/li><li>kol. Kazimierz Rajzer (1972-1991),<\/li><li>kol. Antoni Krajewski (1991-1994),<\/li><li>kol. Stanis\u0142aw Kr\u00f3likowski (1994).<\/li><\/ul><p>W okresie powojennym bardzo aktywnie oddzia\u0142ywa\u0142 na SIMP Instytut Szybownictwa w Bielsku i Zak\u0142ad Szybowcowy w Bielsku. Kol. Tadeusz Kostia wybitny konstruktor by\u0142 pierwszym przewodnicz\u0105cym Sekcji Lotnictwa przy Oddziale SIMP. Kol. Irena Kaniewska wybitny pilot i konstruktor bardzo silnie wp\u0142yn\u0119\u0142a na rozw\u00f3j Oddzia\u0142u SIMP. Zgin\u0119\u0142a tragicznie w katastrofie szybowca w 1963r. W uznaniu zas\u0142ug w dziedzinie szybownictwa w 1952r Rada Pa\u0144stwa przyzna\u0142a T. Kostii, Irenie Kaniewskiej i innym , nagrod\u0119 zespo\u0142ow\u0105 w dziedzinie post\u0119pu technicznego. Du\u017cy wp\u0142yw na rozw\u00f3j SIMP w kolejnych latach mia\u0142 kol. Fryderyk Blumke absolwent Politechniki Gda\u0144skiej pracuj\u0105cy po wojnie w Bielsku w WSM Bielsko. By\u0142 wybitnym konstruktorem, tw\u00f3rc\u0105 motopomp, motocykli, samochodu Syrena. By\u0142 Prezesem Oddzia\u0142u SIMP, V-ce Prezesem Oddzia\u0142u NOT, Prezesem Beskidzkiego Klubu Motorowego, wyk\u0142adowc\u0105 i rzeczoznawc\u0105 samochodowym. W\u0142\u0105czy\u0142 SIMP w organizacje rajd\u00f3w motocyklowych i samochodowych na Podbeskidziu. Zgin\u0105\u0142 tragicznie w 1962r, wracaj\u0105c z \u201eWartburga\u201d i przy podchodzeniu do l\u0105dowania w Warszawie samolot uleg\u0142 katastrofie podczas kt\u00f3rej wszyscy pasa\u017cerowie zgin\u0119li.<\/p><p>Bielsko-Bia\u0142a w okresie powojennym by\u0142o potocznie zwane miastem stu przemys\u0142\u00f3w i z tego powodu brakowa\u0142o in\u017cynier\u00f3w i technik\u00f3w zar\u00f3wno w Bielsku-Bia\u0142ej jak i na Podbeskidziu. Oddzia\u0142 SIMP poprzez swoje dzia\u0142ania odegra\u0142 bardzo znacz\u0105c\u0105 rol\u0119 w powo\u0142aniu w 1950r. filii Wieczorowej Szko\u0142y In\u017cynierskiej w Katowicach, kt\u00f3r\u0105 uko\u0144czy\u0142o 88 in\u017cynier\u00f3w mechanik\u00f3w a dziekanem Wydzia\u0142u by\u0142 absolwent Politechniki Lwowskiej kol. Mieczys\u0142aw de Ines- cz\u0142onek SIMP. W 1962r staraniem kol. Erwina Dylika Prezesa Oddzia\u0142u SIMP powstaje w Bielsku Bia\u0142ej O\u015brodek Stacjonarno-Zaoczny Politechniki \u015al\u0105skiej, kt\u00f3ry uko\u0144czy\u0142o wielu in\u017cynier\u00f3w mechanik\u00f3w cz\u0142onk\u00f3w SIMP.<\/p><p>Zapotrzebowanie przemys\u0142u elektromaszynowego i w\u0142\u00f3kienniczego by\u0142o tak silne i\u017c SIMP i SWP usilnie i wsp\u00f3lnie dzia\u0142ali nad powo\u0142aniem w 1969r. filii Politechniki \u0141\u00f3dzkiej w Bielsku Bia\u0142ej. W Oddziale SIMP przewa\u017ca\u0142a opinia aby uczelnia mia\u0142a nazw\u0119 Politechniki Beskidzkiej. Pierwszym Rektorem filii Politechniki \u0141\u00f3dzkiej by\u0142 Prof. dr hab. in\u017c. Przemys\u0142aw Wasilewski cz\u0142onek SIMP. Pierwszym dziekanem wydzia\u0142u budowy maszyn by\u0142 Prof. dr hab. in\u017c. Marek Trombski w\u00f3wczas cz\u0142onek Zarz\u0105du Oddzia\u0142u SIMP (p\u00f3\u017cniej Rektor ATH). Jako symbol sta\u0142ego zwi\u0105zku w 1979r. Oddzia\u0142 SIMP wr\u0119czy\u0142 Dziekanowi Budowy Maszyn filii Politechniki \u0141\u00f3dzkiej w Bielsku Bia\u0142ej \u201esrebrny \u0142a\u0144cuch dzieka\u0144ski\u201d z wygrawerowanym logo SIMP jako symbol zwi\u0105zku z Uczelni\u0105. Ta dobra wsp\u00f3\u0142praca z uczelni\u0105 trwa nadal i w ka\u017cdym Zarz\u0105dzie Oddzia\u0142u SIMP s\u0105 cz\u0142onkowie SIMP z ATH.<\/p><p>Wielkim wydarzeniem w historii SIMP by\u0142a organizacja w Bielsku-Bia\u0142ej XXV WZD SIMP, kt\u00f3ry odby\u0142 si\u0119 w dniach 5-7 maja 1984r w salach \u201eBewelany\u201d ( ok. 600 os\u00f3b). Podczas wyboru w\u0142adz SIMP jeden raz w historii SIMP wykorzystano elektroniczne liczenie g\u0142os\u00f3w. W latach 1975-1999 struktury Oddzia\u0142u by\u0142y na prawach Oddzia\u0142u Wojew\u00f3dzkiego z cz\u0119\u015bciowym obszarem dzia\u0142ania dzisiejszego wojew\u00f3dztwa ma\u0142opolskiego i w tym okresie by\u0142 najwi\u0119kszy rozkwit Stowarzyszenia zar\u00f3wno co do dzia\u0142alno\u015bci merytorycznej jak i liczebno\u015bci Stowarzyszenia. W 1979r Oddzia\u0142 Wojew\u00f3dzki SIMP najwi\u0119ksz\u0105 w swojej historii liczebno\u015b\u0107 4300 cz\u0142onk\u00f3w, 46 K\u00f3\u0142 SIMP i 35 cz\u0142onk\u00f3w zbiorowych. Okres ten, charakteryzuje si\u0119 du\u017c\u0105 ilo\u015bci\u0105 narad naukowo-technicznych, szkole\u0144, konferencji, konkurs\u00f3w, turniej\u00f3w brid\u017cowych, bali mechanika, wystaw technicznych, i wycieczek technicznych.<\/p><p>Po 1990r. to okres przestawienia si\u0119 na nowe mechanizmy gospodarki rynkowej, w wyniku kt\u00f3rych wielu cz\u0142onk\u00f3w SIMP przeszkolono wed\u0142ug program\u00f3w niemieckiej REFY w zakresie organizacji pracy, normowania czasu pracy, planowania i sterowania produkcji, oraz rachunku koszt\u00f3w. R\u00f3wnolegle by\u0142y prowadzone wg. program\u00f3w norweskich tak zwane Szko\u0142y \u201eCzystszej Produkcji\u201d wspomagaj\u0105ce zak\u0142ady w uzyskaniu certyfikatu ISO 14000. Wprowadzono w regionie Podbeskidzia \u201eBeskidzk\u0105 Nagrod\u0119 Jako\u015bci&#8221;, promuj\u0105c zak\u0142ady w konkursie do Polskiej Nagrody Jako\u015bci w zakresie ISO 9000.<\/p><p>\u00a0<\/p><p>Oddzia\u0142 przywi\u0105zuje du\u017c\u0105 wag\u0119 do m\u0142odzie\u017cy szkolnej, organizuj\u0105c wystawy najlepszych prac dyplomowych uczni\u00f3w szk\u00f3\u0142 \u015brednich zawodowych regionu Podbeskidzia. Absolwenci szk\u00f3\u0142 regionu Podbeskidzia w konkursie \u201eTechnik Roku\u201d organizowanym przez Przegl\u0105d Techniczny w Warszawie oraz konkursie Prezesa SIMP otrzymuj\u0105 sukcesywnie wiele presti\u017cowych nagr\u00f3d. Mimo, i\u017c czasy dzia\u0142alno\u015bci spo\u0142ecznej si\u0119 radykalnie zmieniaj\u0105 w Oddziale SIMP panuje opinia, i\u017c nale\u017cy z tak\u0105 sam\u0105 determinacj\u0105, doskonali\u0107 wiedz\u0119 in\u017cynier\u00f3w, zdobywa\u0107 uprawnienia zawodowe, wspomaga\u0107 zak\u0142ady pracy.<\/p><p>W okresie powojennym najwi\u0119kszy wp\u0142yw na rozw\u00f3j i dzia\u0142alno\u015b\u0107 Oddzia\u0142u SIMP W Bielsku Bia\u0142ej wywarli koledzy:<\/p><ul id=\"punkt2\"><li>Kazimierz Rajzer \u2013Prezes 19 lat,<\/li><li>kol. Erwin Dylik-Prezes-19lat,<\/li><li>kol. Antoni Krajewski -Prezes i Prezes Honorowy -12lat oraz Sekretarz-16 lat,<\/li><li>kol. Stanis\u0142aw Kr\u00f3likowski Prezes-od 1994r,<\/li><li>Rudolf Grygierczyk- V-ce Prezes 33 lata,<\/li><li>Kol. Jan Handzlik -V-ce Prezes -30 lat,<\/li><li>kol. Eugeniusz Suchanek-V-ce Prezes- 9lat<\/li><\/ul><p>oraz wielu innych.<\/p><p>\u00a0<\/p><p>Charakterystyczn\u0105 cech\u0105 bielskiego Oddzia\u0142u SIMP jest wytworzona od dawna kole\u017ce\u0144ska atmosfera i bardzo du\u017ce spo\u0142eczne zaanga\u017cowanie. O aktywno\u015bci SIMP w skali kraju \u015bwiadczy fakt, i\u017c w historii Stowarzyszenia SIMP dwaj Prezesi Oddzia\u0142u pe\u0142nili najwy\u017csze funkcje w SIMP i tak:<\/p><ul id=\"punkt3\"><li>kol. Zbigniew Muszy\u0144ski by\u0142 Prezesem Stowarzyszenia SIMP w Warszawie w latach (1950-1952 i 1961-1963),<\/li><li>kol. Kazimierz Rajzer byl Prezesem SIMP w Warszawie w latach (1990-2000 ),<\/li><li>kol. Antoni Krajewski (2 kadencje) by\u0142 cz\u0142onkiem ZG SIMP,<\/li><li>kol. Stanis\u0142aw Kr\u00f3likowski kilka kadencji pe\u0142ni funkcj\u0119 Przewodnicz\u0105cego GKR SIMP.<\/li><\/ul><p>Maj\u0105c \u015bwiadomo\u015b\u0107 przemijania i zacierania si\u0119 w pami\u0119ci zdarze\u0144 i fakt\u00f3w oraz czuj\u0105c si\u0119 zobowi\u0105zanym dla tych, kt\u00f3rzy b\u0119d\u0105 tworzyli dalsz\u0105 histori\u0119 Oddzia\u0142u SIMP chocia\u017c pokr\u00f3tce przypomniano histori\u0119 Oddzia\u0142u SIMP w Bielsku-Bia\u0142ej i na Podbeskidziu.<\/p>\t\t\t\t\t\t\t\t<\/div>\n\t\t\t\t<\/div>\n\t\t\t\t\t<\/div>\n\t\t<\/div>\n\t\t\t\t\t<\/div>\n\t\t<\/section>\n\t\t\t\t<\/div>\n\t\t","protected":false},"excerpt":{"rendered":"<p>Na Podbeskidziu powo\u0142ano pierwsze struktury SIMP w okresie gdzie w Polsce by\u0142y 4 Oddzia\u0142y SIMP we Lwowie, Poznaniu, Radomiu i Skar\u017cysku. Zarz\u0105d G\u0142\u00f3wny SIMP podj\u0105\u0142 uchwa\u0142\u0119 o powo\u0142aniu w dniu 23-01-1936r regionalnego Ko\u0142a SIMP przy Walcowni Metali \u201eDziedzice\u201d w Dziedzicach z siedzib\u0105 w Bielsku. W listopadzie 1938r Zarz\u0105d G\u0142\u00f3wny SIMP przekszta\u0142ci\u0142 dotychczasowe struktury SIMP w <a href=\"https:\/\/simp.bielsko.pl\/index.php\/rys-historyczny-oddzialu-simp-w-bielsku-bialej\/\" class=\"more-link\">&#8230;<span class=\"screen-reader-text\">  Rys historyczny Oddzia\u0142u SIMP w Bielsku-Bia\u0142ej<\/span><\/a><\/p>\n","protected":false},"author":2,"featured_media":0,"parent":0,"menu_order":0,"comment_status":"closed","ping_status":"closed","template":"","meta":{"footnotes":""},"class_list":["post-5936","page","type-page","status-publish","hentry"],"_links":{"self":[{"href":"https:\/\/simp.bielsko.pl\/index.php\/wp-json\/wp\/v2\/pages\/5936","targetHints":{"allow":["GET"]}}],"collection":[{"href":"https:\/\/simp.bielsko.pl\/index.php\/wp-json\/wp\/v2\/pages"}],"about":[{"href":"https:\/\/simp.bielsko.pl\/index.php\/wp-json\/wp\/v2\/types\/page"}],"author":[{"embeddable":true,"href":"https:\/\/simp.bielsko.pl\/index.php\/wp-json\/wp\/v2\/users\/2"}],"replies":[{"embeddable":true,"href":"https:\/\/simp.bielsko.pl\/index.php\/wp-json\/wp\/v2\/comments?post=5936"}],"version-history":[{"count":3,"href":"https:\/\/simp.bielsko.pl\/index.php\/wp-json\/wp\/v2\/pages\/5936\/revisions"}],"predecessor-version":[{"id":5939,"href":"https:\/\/simp.bielsko.pl\/index.php\/wp-json\/wp\/v2\/pages\/5936\/revisions\/5939"}],"wp:attachment":[{"href":"https:\/\/simp.bielsko.pl\/index.php\/wp-json\/wp\/v2\/media?parent=5936"}],"curies":[{"name":"wp","href":"https:\/\/api.w.org\/{rel}","templated":true}]}}