{"id":5940,"date":"2023-07-05T07:36:40","date_gmt":"2023-07-05T05:36:40","guid":{"rendered":"http:\/\/coderob.pl\/simp\/page\/?page_id=5940"},"modified":"2023-07-07T09:40:14","modified_gmt":"2023-07-07T07:40:14","slug":"sklad-zarzadu","status":"publish","type":"page","link":"https:\/\/simp.bielsko.pl\/index.php\/sklad-zarzadu\/","title":{"rendered":"Sk\u0142ad Zarz\u0105du"},"content":{"rendered":"\t\t<div data-elementor-type=\"wp-page\" data-elementor-id=\"5940\" class=\"elementor elementor-5940\" data-elementor-post-type=\"page\">\n\t\t\t\t\t\t<section class=\"elementor-section elementor-top-section elementor-element elementor-element-498f75a elementor-section-boxed elementor-section-height-default elementor-section-height-default\" data-id=\"498f75a\" data-element_type=\"section\" data-e-type=\"section\">\n\t\t\t\t\t\t<div class=\"elementor-container elementor-column-gap-default\">\n\t\t\t\t\t<div class=\"elementor-column elementor-col-100 elementor-top-column elementor-element elementor-element-860101e\" data-id=\"860101e\" data-element_type=\"column\" data-e-type=\"column\">\n\t\t\t<div class=\"elementor-widget-wrap elementor-element-populated\">\n\t\t\t\t\t\t<div class=\"elementor-element elementor-element-95e2cf8 elementor-widget elementor-widget-heading\" data-id=\"95e2cf8\" data-element_type=\"widget\" data-e-type=\"widget\" data-widget_type=\"heading.default\">\n\t\t\t\t<div class=\"elementor-widget-container\">\n\t\t\t\t\t<h2 class=\"elementor-heading-title elementor-size-default\">Zarz\u0105d Oddzia\u0142u<\/h2>\t\t\t\t<\/div>\n\t\t\t\t<\/div>\n\t\t\t\t<div class=\"elementor-element elementor-element-8ad563e elementor-widget elementor-widget-text-editor\" data-id=\"8ad563e\" data-element_type=\"widget\" data-e-type=\"widget\" data-widget_type=\"text-editor.default\">\n\t\t\t\t<div class=\"elementor-widget-container\">\n\t\t\t\t\t\t\t\t\t<ol><li>Mgr in\u017c. Grzegorz TELOK &#8211; Prezes<\/li><li>Mgr in\u017c. Antoni KRAJEWSKI &#8211; Prezes Honorowy Oddzia\u0142u SIMP<\/li><li>Dr in\u017c. Daniel JANCARCZYK &#8211; V-ce Prezes<\/li><li>Dr in\u017c. Jacek RYSI\u0143SKI &#8211; V-ce Prezes<\/li><li>Dr in\u017c. Andrzej SUCHECKI &#8211; V-ce Prezes<\/li><li>Mgr in\u017c. Pawe\u0142 KR\u00d3LIKOWSKI &#8211; Skarbnik<\/li><li>Mgr in\u017c. Arkadiusz KRZEMPEK &#8211; Sekretarz<\/li><li>Dr in\u017c. Piotr BIELACZYC &#8211; Cz\u0142onek<\/li><li>Mgr El\u017cbieta BURLAGA &#8211; Cz\u0142onek<\/li><li>Dr in\u017c. Stefan GADZI\u0143SKI &#8211; Cz\u0142onek<\/li><li>Mgr in\u017c. Henryk D\u0118BSKI &#8211; Cz\u0142onek<\/li><li>Mgr in\u017c. Jan HANDZLIK &#8211; Cz\u0142onek<\/li><li>Dr hab. in\u017c. Andrzej HARLECKI, profesor ATH &#8211; Cz\u0142onek<\/li><\/ol>\t\t\t\t\t\t\t\t<\/div>\n\t\t\t\t<\/div>\n\t\t\t\t\t<\/div>\n\t\t<\/div>\n\t\t\t\t\t<\/div>\n\t\t<\/section>\n\t\t\t\t<section class=\"elementor-section elementor-top-section elementor-element elementor-element-965f003 elementor-section-boxed elementor-section-height-default elementor-section-height-default\" data-id=\"965f003\" data-element_type=\"section\" data-e-type=\"section\">\n\t\t\t\t\t\t<div class=\"elementor-container elementor-column-gap-default\">\n\t\t\t\t\t<div class=\"elementor-column elementor-col-100 elementor-top-column elementor-element elementor-element-129e8b0\" data-id=\"129e8b0\" data-element_type=\"column\" data-e-type=\"column\">\n\t\t\t<div class=\"elementor-widget-wrap elementor-element-populated\">\n\t\t\t\t\t\t<div class=\"elementor-element elementor-element-5153aa7 elementor-widget elementor-widget-heading\" data-id=\"5153aa7\" data-element_type=\"widget\" data-e-type=\"widget\" data-widget_type=\"heading.default\">\n\t\t\t\t<div class=\"elementor-widget-container\">\n\t\t\t\t\t<h2 class=\"elementor-heading-title elementor-size-default\">Komisja Rewizyjna<\/h2>\t\t\t\t<\/div>\n\t\t\t\t<\/div>\n\t\t\t\t<div class=\"elementor-element elementor-element-22bdf8e elementor-widget elementor-widget-text-editor\" data-id=\"22bdf8e\" data-element_type=\"widget\" data-e-type=\"widget\" data-widget_type=\"text-editor.default\">\n\t\t\t\t<div class=\"elementor-widget-container\">\n\t\t\t\t\t\t\t\t\t<ol><li>Mgr in\u017c. Jan OPALA<\/li><li>Przewodnicz\u0105cy<\/li><li>Mgr in\u017c. Zbigniew ZAJ\u0104C &#8211; Cz\u0142onek<\/li><li>Mgr in\u017c. Janusz ZAJ\u0104CZEK &#8211; Cz\u0142onek<\/li><\/ol>\t\t\t\t\t\t\t\t<\/div>\n\t\t\t\t<\/div>\n\t\t\t\t\t<\/div>\n\t\t<\/div>\n\t\t\t\t\t<\/div>\n\t\t<\/section>\n\t\t\t\t<section class=\"elementor-section elementor-top-section elementor-element elementor-element-d5e8f20 elementor-section-boxed elementor-section-height-default elementor-section-height-default\" data-id=\"d5e8f20\" data-element_type=\"section\" data-e-type=\"section\">\n\t\t\t\t\t\t<div class=\"elementor-container elementor-column-gap-default\">\n\t\t\t\t\t<div class=\"elementor-column elementor-col-100 elementor-top-column elementor-element elementor-element-b9491f3\" data-id=\"b9491f3\" data-element_type=\"column\" data-e-type=\"column\">\n\t\t\t<div class=\"elementor-widget-wrap elementor-element-populated\">\n\t\t\t\t\t\t<div class=\"elementor-element elementor-element-9ea6f7b elementor-widget elementor-widget-heading\" data-id=\"9ea6f7b\" data-element_type=\"widget\" data-e-type=\"widget\" data-widget_type=\"heading.default\">\n\t\t\t\t<div class=\"elementor-widget-container\">\n\t\t\t\t\t<h2 class=\"elementor-heading-title elementor-size-default\">S\u0105d kole\u017ce\u0144ski<\/h2>\t\t\t\t<\/div>\n\t\t\t\t<\/div>\n\t\t\t\t<div class=\"elementor-element elementor-element-12daa76 elementor-widget elementor-widget-text-editor\" data-id=\"12daa76\" data-element_type=\"widget\" data-e-type=\"widget\" data-widget_type=\"text-editor.default\">\n\t\t\t\t<div class=\"elementor-widget-container\">\n\t\t\t\t\t\t\t\t\t<ol><li>Mgr Gra\u017cyna ZYBEK &#8211; Przewodnicz\u0105ca<\/li><li>Mgr in\u017c. Jan KUMINEK &#8211; Cz\u0142onek<\/li><li>Dr in\u017c. Marcin SIDZINA &#8211; Cz\u0142onek<\/li><\/ol>\t\t\t\t\t\t\t\t<\/div>\n\t\t\t\t<\/div>\n\t\t\t\t\t<\/div>\n\t\t<\/div>\n\t\t\t\t\t<\/div>\n\t\t<\/section>\n\t\t\t\t<\/div>\n\t\t","protected":false},"excerpt":{"rendered":"<p>Zarz\u0105d Oddzia\u0142u Mgr in\u017c. Grzegorz TELOK &#8211; Prezes Mgr in\u017c. Antoni KRAJEWSKI &#8211; Prezes Honorowy Oddzia\u0142u SIMP Dr in\u017c. Daniel JANCARCZYK &#8211; V-ce Prezes Dr in\u017c. Jacek RYSI\u0143SKI &#8211; V-ce Prezes Dr in\u017c. Andrzej SUCHECKI &#8211; V-ce Prezes Mgr in\u017c. Pawe\u0142 KR\u00d3LIKOWSKI &#8211; Skarbnik Mgr in\u017c. Arkadiusz KRZEMPEK &#8211; Sekretarz Dr in\u017c. Piotr BIELACZYC &#8211; <a href=\"https:\/\/simp.bielsko.pl\/index.php\/sklad-zarzadu\/\" class=\"more-link\">&#8230;<span class=\"screen-reader-text\">  Sk\u0142ad Zarz\u0105du<\/span><\/a><\/p>\n","protected":false},"author":2,"featured_media":0,"parent":0,"menu_order":0,"comment_status":"closed","ping_status":"closed","template":"","meta":{"footnotes":""},"class_list":["post-5940","page","type-page","status-publish","hentry"],"_links":{"self":[{"href":"https:\/\/simp.bielsko.pl\/index.php\/wp-json\/wp\/v2\/pages\/5940","targetHints":{"allow":["GET"]}}],"collection":[{"href":"https:\/\/simp.bielsko.pl\/index.php\/wp-json\/wp\/v2\/pages"}],"about":[{"href":"https:\/\/simp.bielsko.pl\/index.php\/wp-json\/wp\/v2\/types\/page"}],"author":[{"embeddable":true,"href":"https:\/\/simp.bielsko.pl\/index.php\/wp-json\/wp\/v2\/users\/2"}],"replies":[{"embeddable":true,"href":"https:\/\/simp.bielsko.pl\/index.php\/wp-json\/wp\/v2\/comments?post=5940"}],"version-history":[{"count":27,"href":"https:\/\/simp.bielsko.pl\/index.php\/wp-json\/wp\/v2\/pages\/5940\/revisions"}],"predecessor-version":[{"id":6142,"href":"https:\/\/simp.bielsko.pl\/index.php\/wp-json\/wp\/v2\/pages\/5940\/revisions\/6142"}],"wp:attachment":[{"href":"https:\/\/simp.bielsko.pl\/index.php\/wp-json\/wp\/v2\/media?parent=5940"}],"curies":[{"name":"wp","href":"https:\/\/api.w.org\/{rel}","templated":true}]}}