{"id":5945,"date":"2023-07-05T07:38:47","date_gmt":"2023-07-05T05:38:47","guid":{"rendered":"http:\/\/coderob.pl\/simp\/page\/?page_id=5945"},"modified":"2023-07-05T07:39:14","modified_gmt":"2023-07-05T05:39:14","slug":"wykaz-kol","status":"publish","type":"page","link":"https:\/\/simp.bielsko.pl\/index.php\/wykaz-kol\/","title":{"rendered":"WYKAZ K\u00d3\u0141"},"content":{"rendered":"\t\t<div data-elementor-type=\"wp-page\" data-elementor-id=\"5945\" class=\"elementor elementor-5945\" data-elementor-post-type=\"page\">\n\t\t\t\t\t\t<section class=\"elementor-section elementor-top-section elementor-element elementor-element-f8e46d8 elementor-section-boxed elementor-section-height-default elementor-section-height-default\" data-id=\"f8e46d8\" data-element_type=\"section\" data-e-type=\"section\">\n\t\t\t\t\t\t<div class=\"elementor-container elementor-column-gap-default\">\n\t\t\t\t\t<div class=\"elementor-column elementor-col-100 elementor-top-column elementor-element elementor-element-45acddf\" data-id=\"45acddf\" data-element_type=\"column\" data-e-type=\"column\">\n\t\t\t<div class=\"elementor-widget-wrap elementor-element-populated\">\n\t\t\t\t\t\t<div class=\"elementor-element elementor-element-43faa6a elementor-widget elementor-widget-text-editor\" data-id=\"43faa6a\" data-element_type=\"widget\" data-e-type=\"widget\" data-widget_type=\"text-editor.default\">\n\t\t\t\t<div class=\"elementor-widget-container\">\n\t\t\t\t\t\t\t\t\t<ul id=\"decimal_list\"><li>Ko\u0142o Uczelniane<br \/>przy AKADEMII TECHNICZNO-HUMANISTYCZNEJ<br \/>43-309 Bielsko-Bia\u0142a, ul. Willowa 2<br \/>\u00a0<\/li><li>Instytut Bada\u0144 i Rozwoju Motoryzacji \u201eBOSMAL\u201d<br \/>43-300 Bielsko-Bia\u0142a, ul. Sarni Stok 93<br \/>\u00a0<\/li><li>Ko\u0142o SENIOR\u00d3W<br \/>43-300 Bielsko-Bia\u0142a, ul. 3 Maja 10<br \/>\u00a0<\/li><li>Ko\u0142o TERENOWE<br \/>43-300 Bielsko-Bia\u0142a, ul. 3 Maja 10<br \/>\u00a0<\/li><li>Ko\u0142o M\u0142odzie\u017cowe<br \/>Zesp\u00f3\u0142 Szk\u00f3\u0142 Elektronicznych, Elektrycznych i Mechanicznych<br \/>im. J. \u015aniadeckiego w Bielsku-Bia\u0142ej, ul. Juliusza S\u0142owackiego 24<br \/>\u00a0<\/li><li>Ko\u0142o M\u0142odzie\u017cowe<br \/>Zesp\u00f3\u0142 Szk\u00f3\u0142 Mechaniczno Elektrycznych w \u017bywcu, ul. Komisji Edukacji Narodowej 3<\/li><\/ul>\t\t\t\t\t\t\t\t<\/div>\n\t\t\t\t<\/div>\n\t\t\t\t\t<\/div>\n\t\t<\/div>\n\t\t\t\t\t<\/div>\n\t\t<\/section>\n\t\t\t\t<\/div>\n\t\t","protected":false},"excerpt":{"rendered":"<p>Ko\u0142o Uczelnianeprzy AKADEMII TECHNICZNO-HUMANISTYCZNEJ43-309 Bielsko-Bia\u0142a, ul. Willowa 2\u00a0 Instytut Bada\u0144 i Rozwoju Motoryzacji \u201eBOSMAL\u201d43-300 Bielsko-Bia\u0142a, ul. Sarni Stok 93\u00a0 Ko\u0142o SENIOR\u00d3W43-300 Bielsko-Bia\u0142a, ul. 3 Maja 10\u00a0 Ko\u0142o TERENOWE43-300 Bielsko-Bia\u0142a, ul. 3 Maja 10\u00a0 Ko\u0142o M\u0142odzie\u017coweZesp\u00f3\u0142 Szk\u00f3\u0142 Elektronicznych, Elektrycznych i Mechanicznychim. J. \u015aniadeckiego w Bielsku-Bia\u0142ej, ul. Juliusza S\u0142owackiego 24\u00a0 Ko\u0142o M\u0142odzie\u017coweZesp\u00f3\u0142 Szk\u00f3\u0142 Mechaniczno Elektrycznych w \u017bywcu, <a href=\"https:\/\/simp.bielsko.pl\/index.php\/wykaz-kol\/\" class=\"more-link\">&#8230;<span class=\"screen-reader-text\">  WYKAZ K\u00d3\u0141<\/span><\/a><\/p>\n","protected":false},"author":2,"featured_media":0,"parent":0,"menu_order":0,"comment_status":"closed","ping_status":"closed","template":"","meta":{"footnotes":""},"class_list":["post-5945","page","type-page","status-publish","hentry"],"_links":{"self":[{"href":"https:\/\/simp.bielsko.pl\/index.php\/wp-json\/wp\/v2\/pages\/5945","targetHints":{"allow":["GET"]}}],"collection":[{"href":"https:\/\/simp.bielsko.pl\/index.php\/wp-json\/wp\/v2\/pages"}],"about":[{"href":"https:\/\/simp.bielsko.pl\/index.php\/wp-json\/wp\/v2\/types\/page"}],"author":[{"embeddable":true,"href":"https:\/\/simp.bielsko.pl\/index.php\/wp-json\/wp\/v2\/users\/2"}],"replies":[{"embeddable":true,"href":"https:\/\/simp.bielsko.pl\/index.php\/wp-json\/wp\/v2\/comments?post=5945"}],"version-history":[{"count":4,"href":"https:\/\/simp.bielsko.pl\/index.php\/wp-json\/wp\/v2\/pages\/5945\/revisions"}],"predecessor-version":[{"id":5949,"href":"https:\/\/simp.bielsko.pl\/index.php\/wp-json\/wp\/v2\/pages\/5945\/revisions\/5949"}],"wp:attachment":[{"href":"https:\/\/simp.bielsko.pl\/index.php\/wp-json\/wp\/v2\/media?parent=5945"}],"curies":[{"name":"wp","href":"https:\/\/api.w.org\/{rel}","templated":true}]}}