{"id":5950,"date":"2023-07-05T07:39:48","date_gmt":"2023-07-05T05:39:48","guid":{"rendered":"http:\/\/coderob.pl\/simp\/page\/?page_id=5950"},"modified":"2023-07-05T07:40:34","modified_gmt":"2023-07-05T05:40:34","slug":"wykaz-rzeczoznawcow-simp","status":"publish","type":"page","link":"https:\/\/simp.bielsko.pl\/index.php\/wykaz-rzeczoznawcow-simp\/","title":{"rendered":"Wykaz Rzeczoznawc\u00f3w SIMP"},"content":{"rendered":"\t\t<div data-elementor-type=\"wp-page\" data-elementor-id=\"5950\" class=\"elementor elementor-5950\" data-elementor-post-type=\"page\">\n\t\t\t\t\t\t<section class=\"elementor-section elementor-top-section elementor-element elementor-element-b7ea5bb elementor-section-boxed elementor-section-height-default elementor-section-height-default\" data-id=\"b7ea5bb\" data-element_type=\"section\" data-e-type=\"section\">\n\t\t\t\t\t\t<div class=\"elementor-container elementor-column-gap-default\">\n\t\t\t\t\t<div class=\"elementor-column elementor-col-100 elementor-top-column elementor-element elementor-element-38b9036\" data-id=\"38b9036\" data-element_type=\"column\" data-e-type=\"column\">\n\t\t\t<div class=\"elementor-widget-wrap elementor-element-populated\">\n\t\t\t\t\t\t<div class=\"elementor-element elementor-element-54b052b elementor-widget elementor-widget-text-editor\" data-id=\"54b052b\" data-element_type=\"widget\" data-e-type=\"widget\" data-widget_type=\"text-editor.default\">\n\t\t\t\t<div class=\"elementor-widget-container\">\n\t\t\t\t\t\t\t\t\t<div class=\"title\">Wykaz Rzeczoznawc\u00f3w SIMP\u00a0 Oddzia\u0142 Bielsko-Bia\u0142a<\/div><div>\u00a0<\/div><ul id=\"decimal_list\"><li>mgr in\u017c. Artur GADZI\u0143SKI<\/li><li>mgr in\u017c. Jan HANDZLIK<\/li><li>dr hab. in\u017c. Andrzej HARLECKI<\/li><li>mgr in\u017c. Jan KLUZ<\/li><li>mgr in\u017c. Piotr KOWALSKI<\/li><li>mgr in\u017c. Pawe\u0142 KR\u00d3LIKOWSKI<\/li><li>mgr in\u017c. Franciszek MIRKOWSKI<\/li><li>mgr in\u017c. Jan OPALA<\/li><li>mgr in\u017c. Aleksander PILCH<\/li><li>mgr in\u017c. Piotr WOLFF<\/li><li>mgr in\u017c. Kazimierz W\u00d3JCIK<\/li><li>dr in\u017c. Stefan GADZI\u0143SKI<\/li><li>mgr in\u017c. Janusz GOMU\u0141KIEWICZ<\/li><li>mgr in\u017c. Jerzy KOWALSKI<\/li><li>mgr in\u017c. Stanis\u0142aw KR\u00d3LIKOWSKI<\/li><li>mgr in\u017c. Jan KUMINEK<\/li><li>prof. dr hab. in\u017c. Stanis\u0142aw P\u0141ONKA<\/li><li>mgr in\u017c. Zbigniew ZAJ\u0104C<\/li><\/ul>\t\t\t\t\t\t\t\t<\/div>\n\t\t\t\t<\/div>\n\t\t\t\t\t<\/div>\n\t\t<\/div>\n\t\t\t\t\t<\/div>\n\t\t<\/section>\n\t\t\t\t<\/div>\n\t\t","protected":false},"excerpt":{"rendered":"<p>Wykaz Rzeczoznawc\u00f3w SIMP\u00a0 Oddzia\u0142 Bielsko-Bia\u0142a\u00a0 mgr in\u017c. Artur GADZI\u0143SKI mgr in\u017c. Jan HANDZLIK dr hab. in\u017c. Andrzej HARLECKI mgr in\u017c. Jan KLUZ mgr in\u017c. Piotr KOWALSKI mgr in\u017c. Pawe\u0142 KR\u00d3LIKOWSKI mgr in\u017c. Franciszek MIRKOWSKI mgr in\u017c. Jan OPALA mgr in\u017c. Aleksander PILCH mgr in\u017c. Piotr WOLFF mgr in\u017c. Kazimierz W\u00d3JCIK dr in\u017c. Stefan GADZI\u0143SKI mgr <a href=\"https:\/\/simp.bielsko.pl\/index.php\/wykaz-rzeczoznawcow-simp\/\" class=\"more-link\">&#8230;<span class=\"screen-reader-text\">  Wykaz Rzeczoznawc\u00f3w SIMP<\/span><\/a><\/p>\n","protected":false},"author":2,"featured_media":0,"parent":0,"menu_order":0,"comment_status":"closed","ping_status":"closed","template":"","meta":{"footnotes":""},"class_list":["post-5950","page","type-page","status-publish","hentry"],"_links":{"self":[{"href":"https:\/\/simp.bielsko.pl\/index.php\/wp-json\/wp\/v2\/pages\/5950","targetHints":{"allow":["GET"]}}],"collection":[{"href":"https:\/\/simp.bielsko.pl\/index.php\/wp-json\/wp\/v2\/pages"}],"about":[{"href":"https:\/\/simp.bielsko.pl\/index.php\/wp-json\/wp\/v2\/types\/page"}],"author":[{"embeddable":true,"href":"https:\/\/simp.bielsko.pl\/index.php\/wp-json\/wp\/v2\/users\/2"}],"replies":[{"embeddable":true,"href":"https:\/\/simp.bielsko.pl\/index.php\/wp-json\/wp\/v2\/comments?post=5950"}],"version-history":[{"count":3,"href":"https:\/\/simp.bielsko.pl\/index.php\/wp-json\/wp\/v2\/pages\/5950\/revisions"}],"predecessor-version":[{"id":5953,"href":"https:\/\/simp.bielsko.pl\/index.php\/wp-json\/wp\/v2\/pages\/5950\/revisions\/5953"}],"wp:attachment":[{"href":"https:\/\/simp.bielsko.pl\/index.php\/wp-json\/wp\/v2\/media?parent=5950"}],"curies":[{"name":"wp","href":"https:\/\/api.w.org\/{rel}","templated":true}]}}