{"id":5954,"date":"2023-07-05T07:41:28","date_gmt":"2023-07-05T05:41:28","guid":{"rendered":"http:\/\/coderob.pl\/simp\/page\/?page_id=5954"},"modified":"2026-04-06T14:15:07","modified_gmt":"2026-04-06T12:15:07","slug":"egzaminy-kwalifikacyjne","status":"publish","type":"page","link":"https:\/\/simp.bielsko.pl\/index.php\/egzaminy-kwalifikacyjne\/","title":{"rendered":"Egzaminy Kwalifikacyjne"},"content":{"rendered":"\t\t<div data-elementor-type=\"wp-page\" data-elementor-id=\"5954\" class=\"elementor elementor-5954\" data-elementor-post-type=\"page\">\n\t\t\t\t\t\t<section class=\"elementor-section elementor-top-section elementor-element elementor-element-57e3aa2 elementor-section-boxed elementor-section-height-default elementor-section-height-default\" data-id=\"57e3aa2\" data-element_type=\"section\" data-e-type=\"section\">\n\t\t\t\t\t\t<div class=\"elementor-container elementor-column-gap-default\">\n\t\t\t\t\t<div class=\"elementor-column elementor-col-100 elementor-top-column elementor-element elementor-element-eee226c\" data-id=\"eee226c\" data-element_type=\"column\" data-e-type=\"column\">\n\t\t\t<div class=\"elementor-widget-wrap elementor-element-populated\">\n\t\t\t\t\t\t<div class=\"elementor-element elementor-element-f6defa2 elementor-widget elementor-widget-text-editor\" data-id=\"f6defa2\" data-element_type=\"widget\" data-e-type=\"widget\" data-widget_type=\"text-editor.default\">\n\t\t\t\t<div class=\"elementor-widget-container\">\n\t\t\t\t\t\t\t\t\t<center><strong><H2>\u015a W I A D E C T W A \u00a0\u00a0\u00a0\u00a0\u00a0\u00a0K W A L I F I K A C Y J N E<\/H2><\/strong><\/center>&nbsp;\n<div>Uprzejmie informuj\u0119, \u017ce Oddzia\u0142 SIMP w Bielsku-Bia\u0142ej\u00a0 posiada powo\u0142an\u0105 przez\u00a0 Prezesa Urz\u0119du Regulacji Energetyki <b><i>Komisj\u0119 Kwalifikacyjn\u0105\u00a0 Nr 269,\u00a0<\/i><\/b> kt\u00f3ra po przeprowadzeniu egzamin\u00f3w zatwierdza kwalifikacje os\u00f3b zatrudnionych na stanowiskach pracy zwi\u0105zanych z <b><i>dozorem\u00a0<\/i><\/b>oraz\u00a0<b><i>eksploatacj\u0105 urz\u0105dze\u0144, instalacji i sieci energetycznych:<\/i><\/b><\/div>\n<div><b><i>\u00a0<\/i><\/b><\/div>\n<div><b><i>&#8211;\u00a0\u00a0<\/i><\/b>w Grupie 1\u00a0\u00a0\u00a0<i>urz\u0105dzenie,\u00a0 \u00a0instalacje\u00a0 \u00a0i \u00a0\u00a0\u00a0sieci\u00a0\u00a0 \u00a0elektroenergetyczne wytwarzaj\u0105ce, <\/i><i>przetwarzaj\u0105ce,\u00a0 \u00a0przesy\u0142aj\u0105ce\u00a0 \u00a0i \u00a0\u00a0zu\u017cywaj\u0105ce\u00a0 \u00a0energie\u00a0\u00a0 \u00a0elektryczn\u0105;<\/i><\/div>\n<div><b><i>\u00a0&#8211;\u00a0<\/i><\/b>w Grupie 2<i>\u00a0 urz\u0105dzenie wytwarzaj\u0105ce, przetwarzaj\u0105ce, przesy\u0142aj\u0105ce i zu\u017cywaj\u0105ce ciep\u0142o oraz inne urz\u0105dzenie energetyczne;<\/i><\/div>\n<div><\/div>\n<div><\/div>\n<div>&#8211; w Grupie 3.\u00a0\u00a0<i>urz\u0105dzenia, \u00a0instalacje \u00a0i \u00a0sieci \u00a0gazowe\u00a0 wytwarzaj\u0105ce,<\/i>\u00a0<i>przetwarzaj\u0105ce, <\/i><i>przesy\u0142aj\u0105ce, magazynuj\u0105ce i zu\u017cywaj\u0105ce\u00a0 \u00a0paliwa\u00a0 \u00a0gazowe.<\/i><\/div>\n<div><\/div>\n<div>Koszt 1 egzaminu \u00a0(w bie\u017c\u0105cym roku) wynosi\u00a0 <b><u>480,60 z\u0142<\/u><\/b> &#8211; co wynika z\u00a0 Rozporz\u0105dzenia Ministra Klimatu i \u015arodowiska z dnia 1 lipca 2022r., ), kt\u00f3re ustala op\u0142at\u0119 na poziomie 10% minimalnego wynagrodzenia za prac\u0119.<span class=\"uJ19be notranslate\" data-sfc-root=\"c\" data-wiz-uids=\"KEzzJd_l,KEzzJd_m\" data-sfc-cb=\"\"><span class=\"vKEkVd\" data-animation-atomic=\"\" data-wiz-attrbind=\"class=KEzzJd_k\/TKHnVd\"><span aria-hidden=\"true\">\u00a0<\/span><\/span><\/span><\/div>\n<div><\/div>\n<div>W celu przyst\u0105pienia do egzaminu\u00a0 nale\u017cy z\u0142o\u017cy\u0107\u00a0 stosowne\u00a0 \u00a0druki \u00a0<b><i>(wnioski<\/i><\/b>), kt\u00f3re \u00a0mo\u017cna pobra\u0107 na naszej stronie internetowej w zak\u0142adce<u><b> druki do pobrania.<\/b><\/u><\/div>\n<div><\/div>\n<div><strong>Do wniosku zgodnie z Rozporz\u0105dzeniem Ministra Klimatu i \u015arodowiska\u00a0 z dnia 1 lipca 2022r. Dz. U. Poz. 1392 nale\u017cy do\u0142\u0105czy\u0107 dokument potwierdzaj\u0105cy posiadanie wiedzy w wnioskowanym zakresie oraz potwierdzenie uiszczenia op\u0142aty.<\/strong><\/div>\t\t\t\t\t\t\t\t<\/div>\n\t\t\t\t<\/div>\n\t\t\t\t\t<\/div>\n\t\t<\/div>\n\t\t\t\t\t<\/div>\n\t\t<\/section>\n\t\t\t\t<section class=\"elementor-section elementor-top-section elementor-element elementor-element-155baa5 elementor-section-boxed elementor-section-height-default elementor-section-height-default\" data-id=\"155baa5\" data-element_type=\"section\" data-e-type=\"section\">\n\t\t\t\t\t\t<div class=\"elementor-container elementor-column-gap-default\">\n\t\t\t\t\t<div class=\"elementor-column elementor-col-100 elementor-top-column elementor-element elementor-element-8ecb25f\" data-id=\"8ecb25f\" data-element_type=\"column\" data-e-type=\"column\">\n\t\t\t<div class=\"elementor-widget-wrap elementor-element-populated\">\n\t\t\t\t\t\t<div class=\"elementor-element elementor-element-8a30925 elementor-widget elementor-widget-text-editor\" data-id=\"8a30925\" data-element_type=\"widget\" data-e-type=\"widget\" data-widget_type=\"text-editor.default\">\n\t\t\t\t<div class=\"elementor-widget-container\">\n\t\t\t\t\t\t\t\t\t<p><b><strong style=\"font-style: inherit;\"><span style=\"font-style: inherit; font-weight: inherit;\"> Dokumentami potwierdzaj\u0105cymi posiadanie wiedzy s\u0105:<\/span><\/strong><\/b><\/p><p><span style=\"font-style: inherit; font-weight: inherit;\">1) \u015bwiadectwo lub dyplom potwierdzaj\u0105ce uzyskanie tytu\u0142u zawodowego,<\/span><\/p><p><span style=\"font-style: inherit; font-weight: inherit;\">2) \u015bwiadectwo potwierdzaj\u0105ce kwalifikacj\u0119 w zawodzie lub dyplom potwierdzaj\u0105cy kwalifikacje zawodowe,<\/span><\/p><p><span style=\"font-style: inherit; font-weight: inherit;\">3) certyfikat kwalifikacji zawodowej lub dyplom zawodowy,<\/span><\/p><p><span style=\"font-style: inherit; font-weight: inherit;\">4) \u015bwiadectwo czeladnicze lub dyplom mistrzowski \u2013 w zawodach, w kt\u00f3rych nauczanie obejmuje tre\u015bci zwi\u0105zane z eksploatacj\u0105 urz\u0105dze\u0144, instalacji i sieci.<\/span><\/p><p><b><strong style=\"font-style: inherit;\"><span style=\"font-style: inherit; font-weight: inherit;\"> Posiadanie wiedzy, mog\u0105 r\u00f3wnie\u017c potwierdza\u0107:<\/span><\/strong><\/b><\/p><p><span style=\"font-style: inherit; font-weight: inherit;\">1) \u015bwiadectwo uko\u0144czenia szko\u0142y prowadz\u0105cej kszta\u0142cenie w zawodzie, kt\u00f3re obejmuje tre\u015bci nauczania zwi\u0105zane z eksploatacj\u0105 urz\u0105dze\u0144, instalacji i sieci;<\/span><\/p><p><span style=\"font-style: inherit; font-weight: inherit;\">2) za\u015bwiadczenie o przebiegu nauczania wydane przez szko\u0142\u0119, o kt\u00f3rej mowa w pkt 1, zgodnie z przepisami wydanymi na podstawie art. 11 ust. 2 ustawy z dnia 7 wrze\u015bnia 1991 r. o systemie o\u015bwiaty (Dz. U. z 2021 r. poz. 1915 oraz z 2022 r. poz. 583 i 1116), potwierdzaj\u0105ce kszta\u0142cenie w zawodzie, kt\u00f3re obejmuje tre\u015bci nauczania zwi\u0105zane z eksploatacj\u0105 urz\u0105dze\u0144, instalacji i sieci;<\/span><\/p><p><span style=\"font-style: inherit; font-weight: inherit;\">3) za\u015bwiadczenie wystawione przez pracodawc\u0119, potwierdzaj\u0105ce do\u015bwiadczenie zawodowe i sta\u017c pracy umo\u017cliwiaj\u0105ce nabycie umiej\u0119tno\u015bci zwi\u0105zanych z wykonywaniem prac eksploatacyjnych urz\u0105dze\u0144, instalacji i sieci;<\/span><\/p><p style=\"font-weight: 400;\">Kontakt telefoniczny z biurem Oddzia\u0142u SIMP:\u00a0<\/p><p style=\"font-weight: 400;\">wtorek godz, 8<sup>00<\/sup> do godz, 13<sup>00<\/sup><\/p><p style=\"font-weight: 400;\">\u015broda godz. 10<sup>00<\/sup> do godz, 16<sup>00<\/sup><\/p><p style=\"font-weight: 400;\"><b><strong style=\"font-style: inherit;\">Istnieje mo\u017cliwo\u015b\u0107 przeprowadzenia egzamin\u00f3w na miejscu &#8211;\u00a0w zak\u0142adzie pracy.<\/strong><\/b><\/p><p><strong>Wykaz dost\u0119pnych druk\u00f3w:<\/strong><\/p><ul style=\"font-weight: 400;\"><li>Wniosek D-G1,\u00a0<\/li><li>Wniosek D-G2,<\/li><li>Wniosek D-G3,<\/li><li>Wniosek E-G1,<\/li><li>Wniosek E-G2,<\/li><li>Wniosek E-G3,<\/li><li>Za\u015bwiadczenie od pracodawcy.<\/li><\/ul><p>\u00a0<\/p><p>Druki URE do egzamin\u00f3w &#8211; <strong><a href=\"https:\/\/simp.bielsko.pl\/index.php\/druki-do-pobrania\/\">Druki do pobrania<\/a><\/strong>.<\/p><p>\u00a0<\/p><p style=\"font-weight: 400;\"><b><strong style=\"font-style: inherit;\">Na podstawie Rozporz\u0105dzenia Ministra Klimatu i \u015arodowiska z dnia 1 lipca 2022r. Dz. U. Poz. 1392 \u00a0osoby zajmuj\u0105ce si\u0119 eksploatacj\u0105 urz\u0105dze\u0144, instalacji i sieci, w celu uzyskania potwierdzenia posiadanych kwalifikacji, wykazuj\u0105 si\u0119 wiedz\u0105 teoretyczn\u0105 i praktyczn\u0105 w zakresie:<\/strong><\/b><\/p><p style=\"font-weight: 400;\">1) na stanowiskach eksploatacji:<\/p><p><span style=\"font-style: inherit; font-weight: inherit;\">a) zasad budowy, dzia\u0142ania oraz warunk\u00f3w technicznych obs\u0142ugi urz\u0105dze\u0144, instalacji i sieci,<\/span><\/p><p><span style=\"font-style: inherit; font-weight: inherit;\">b) zasad eksploatacji urz\u0105dze\u0144, instalacji i sieci,<\/span><\/p><p><span style=\"font-style: inherit; font-weight: inherit;\">c) zasad i warunk\u00f3w wykonywania prac dotycz\u0105cych obs\u0142ugi, konserwacji, remontu, naprawy, monta\u017cu lub demonta\u017cu i czynno\u015bci kontrolno-pomiarowych,<\/span><\/p><p><span style=\"font-style: inherit; font-weight: inherit;\">d) zasad bezpiecze\u0144stwa i higieny pracy, ochrony przeciwpo\u017carowej oraz udzielania pierwszej pomocy,<\/span><\/p><p><span style=\"font-style: inherit; font-weight: inherit;\">e) zasad post\u0119powania w razie awarii, po\u017caru lub innego zagro\u017cenia bezpiecze\u0144stwa obs\u0142ugi urz\u0105dze\u0144 lub zagro\u017cenia \u017cycia, zdrowia i ochrony \u015brodowiska;<\/span><\/p><p style=\"font-weight: 400;\">2) na stanowiskach dozoru:<\/p><p><span style=\"font-style: inherit; font-weight: inherit;\">a) przepis\u00f3w dotycz\u0105cych przy\u0142\u0105czania urz\u0105dze\u0144 i instalacji do sieci, dostarczania paliw i energii, prowadzenia ruchu i eksploatacji urz\u0105dze\u0144, instalacji i sieci,<\/span><\/p><p><span style=\"font-style: inherit; font-weight: inherit;\">b) przepis\u00f3w i zasad post\u0119powania przy programowaniu pracy urz\u0105dze\u0144, instalacji i sieci, z uwzgl\u0119dnieniem zasad racjonalnego u\u017cytkowania paliw i energii,<\/span><\/p><p><span style=\"font-style: inherit; font-weight: inherit;\">c) przepis\u00f3w dotycz\u0105cych eksploatacji oraz wymaga\u0144 w zakresie prowadzenia dokumentacji technicznej i eksploatacyjnej urz\u0105dze\u0144, instalacji i sieci,<\/span><\/p><p><span style=\"font-style: inherit; font-weight: inherit;\">d) przepis\u00f3w dotycz\u0105cych budowy urz\u0105dze\u0144, instalacji i sieci oraz norm i warunk\u00f3w technicznych, jakim powinny odpowiada\u0107 te urz\u0105dzenia, instalacje i sieci,<\/span><\/p><p><span style=\"font-style: inherit; font-weight: inherit;\">e) zasad post\u0119powania w razie awarii, po\u017caru lub innego zagro\u017cenia bezpiecze\u0144stwa obs\u0142ugi urz\u0105dze\u0144 lub zagro\u017cenia \u017cycia, zdrowia i ochrony \u015brodowiska,<\/span><\/p><p><span style=\"font-style: inherit; font-weight: inherit;\">f) przepis\u00f3w dotycz\u0105cych bezpiecze\u0144stwa i higieny pracy, ochrony przeciwpo\u017carowej, z uwzgl\u0119dnieniem zasad udzielania pierwszej pomocy, oraz wymaga\u0144 ochrony \u015brodowiska,<\/span><\/p><p><span style=\"font-style: inherit; font-weight: inherit;\">g) zasad post\u0119powania w razie awarii, po\u017caru lub innego zagro\u017cenia bezpiecze\u0144stwa ruchu urz\u0105dze\u0144 przy\u0142\u0105czonych do sieci,<\/span><\/p><p><span style=\"font-style: inherit; font-weight: inherit;\">h) zasad dysponowania moc\u0105 urz\u0105dze\u0144 i instalacji przy\u0142\u0105czonych do sieci,<\/span><\/p><p><span style=\"font-style: inherit; font-weight: inherit;\">i) zasad i warunk\u00f3w wykonywania prac dotycz\u0105cych obs\u0142ugi, konserwacji, remontu, monta\u017cu oraz czynno\u015bci kontrolno-pomiarowych.<\/span><\/p>\t\t\t\t\t\t\t\t<\/div>\n\t\t\t\t<\/div>\n\t\t\t\t\t<\/div>\n\t\t<\/div>\n\t\t\t\t\t<\/div>\n\t\t<\/section>\n\t\t\t\t<\/div>\n\t\t","protected":false},"excerpt":{"rendered":"<p>\u015a W I A D E C T W A \u00a0\u00a0\u00a0\u00a0\u00a0\u00a0K W A L I F I K A C Y J N E&nbsp; Uprzejmie informuj\u0119, \u017ce Oddzia\u0142 SIMP w Bielsku-Bia\u0142ej\u00a0 posiada powo\u0142an\u0105 przez\u00a0 Prezesa Urz\u0119du Regulacji Energetyki Komisj\u0119 Kwalifikacyjn\u0105\u00a0 Nr 269,\u00a0 kt\u00f3ra po przeprowadzeniu egzamin\u00f3w zatwierdza kwalifikacje os\u00f3b zatrudnionych na stanowiskach pracy zwi\u0105zanych z <a href=\"https:\/\/simp.bielsko.pl\/index.php\/egzaminy-kwalifikacyjne\/\" class=\"more-link\">&#8230;<span class=\"screen-reader-text\">  Egzaminy Kwalifikacyjne<\/span><\/a><\/p>\n","protected":false},"author":2,"featured_media":0,"parent":0,"menu_order":0,"comment_status":"closed","ping_status":"closed","template":"","meta":{"footnotes":""},"class_list":["post-5954","page","type-page","status-publish","hentry"],"_links":{"self":[{"href":"https:\/\/simp.bielsko.pl\/index.php\/wp-json\/wp\/v2\/pages\/5954","targetHints":{"allow":["GET"]}}],"collection":[{"href":"https:\/\/simp.bielsko.pl\/index.php\/wp-json\/wp\/v2\/pages"}],"about":[{"href":"https:\/\/simp.bielsko.pl\/index.php\/wp-json\/wp\/v2\/types\/page"}],"author":[{"embeddable":true,"href":"https:\/\/simp.bielsko.pl\/index.php\/wp-json\/wp\/v2\/users\/2"}],"replies":[{"embeddable":true,"href":"https:\/\/simp.bielsko.pl\/index.php\/wp-json\/wp\/v2\/comments?post=5954"}],"version-history":[{"count":116,"href":"https:\/\/simp.bielsko.pl\/index.php\/wp-json\/wp\/v2\/pages\/5954\/revisions"}],"predecessor-version":[{"id":6497,"href":"https:\/\/simp.bielsko.pl\/index.php\/wp-json\/wp\/v2\/pages\/5954\/revisions\/6497"}],"wp:attachment":[{"href":"https:\/\/simp.bielsko.pl\/index.php\/wp-json\/wp\/v2\/media?parent=5954"}],"curies":[{"name":"wp","href":"https:\/\/api.w.org\/{rel}","templated":true}]}}