{"id":6230,"date":"2025-10-20T12:21:04","date_gmt":"2025-10-20T10:21:04","guid":{"rendered":"https:\/\/simp.bielsko.pl\/?page_id=6230"},"modified":"2025-10-23T07:38:54","modified_gmt":"2025-10-23T05:38:54","slug":"z-kart-historii","status":"publish","type":"page","link":"https:\/\/simp.bielsko.pl\/index.php\/z-kart-historii\/","title":{"rendered":"Z kart historii"},"content":{"rendered":"\t\t<div data-elementor-type=\"wp-page\" data-elementor-id=\"6230\" class=\"elementor elementor-6230\" data-elementor-post-type=\"page\">\n\t\t\t\t\t\t<section class=\"elementor-section elementor-top-section elementor-element elementor-element-215e44f elementor-section-boxed elementor-section-height-default elementor-section-height-default\" data-id=\"215e44f\" data-element_type=\"section\" data-e-type=\"section\">\n\t\t\t\t\t\t<div class=\"elementor-container elementor-column-gap-default\">\n\t\t\t\t\t<div class=\"elementor-column elementor-col-100 elementor-top-column elementor-element elementor-element-40362e4\" data-id=\"40362e4\" data-element_type=\"column\" data-e-type=\"column\">\n\t\t\t<div class=\"elementor-widget-wrap elementor-element-populated\">\n\t\t\t\t\t\t<div class=\"elementor-element elementor-element-26e6a7e elementor-posts--thumbnail-none elementor-grid-3 elementor-grid-tablet-2 elementor-grid-mobile-1 elementor-widget elementor-widget-posts\" data-id=\"26e6a7e\" data-element_type=\"widget\" data-e-type=\"widget\" data-settings=\"{&quot;classic_row_gap&quot;:{&quot;unit&quot;:&quot;px&quot;,&quot;size&quot;:50,&quot;sizes&quot;:[]},&quot;pagination_type&quot;:&quot;numbers&quot;,&quot;classic_columns&quot;:&quot;3&quot;,&quot;classic_columns_tablet&quot;:&quot;2&quot;,&quot;classic_columns_mobile&quot;:&quot;1&quot;,&quot;classic_row_gap_tablet&quot;:{&quot;unit&quot;:&quot;px&quot;,&quot;size&quot;:&quot;&quot;,&quot;sizes&quot;:[]},&quot;classic_row_gap_mobile&quot;:{&quot;unit&quot;:&quot;px&quot;,&quot;size&quot;:&quot;&quot;,&quot;sizes&quot;:[]}}\" data-widget_type=\"posts.classic\">\n\t\t\t\t<div class=\"elementor-widget-container\">\n\t\t\t\t\t\t\t<div class=\"elementor-posts-container elementor-posts elementor-posts--skin-classic elementor-grid\" role=\"list\">\n\t\t\t\t<article class=\"elementor-post elementor-grid-item post-6287 post type-post status-publish format-standard has-post-thumbnail hentry category-historia\" role=\"listitem\">\n\t\t\t\t<div class=\"elementor-post__text\">\n\t\t\t\t<h3 class=\"elementor-post__title\">\n\t\t\t<a href=\"https:\/\/simp.bielsko.pl\/index.php\/2025\/10\/20\/z-kart-historii-70-lat-dzialalnosci-simp-w-polsce-dzialalnosc-simp-w-regionie-podbeskidzia-1996\/\" >\n\t\t\t\tZ kart historii: 70 lat dzia\u0142alno\u015bci SIMP w Polsce &#8211; Dzia\u0142alno\u015b\u0107 SIMP w Regionie Podbeskidzia &#8211; 1996\t\t\t<\/a>\n\t\t<\/h3>\n\t\t\t\t<div class=\"elementor-post__meta-data\">\n\t\t\t\t\t<span class=\"elementor-post-date\">\n\t\t\t2025-10-20\t\t<\/span>\n\t\t\t\t<\/div>\n\t\t\t\t<div class=\"elementor-post__excerpt\">\n\t\t\t\t\t<\/div>\n\t\t\t\t\t<div class=\"elementor-post__read-more-wrapper\">\n\t\t\n\t\t<a class=\"elementor-post__read-more\" href=\"https:\/\/simp.bielsko.pl\/index.php\/2025\/10\/20\/z-kart-historii-70-lat-dzialalnosci-simp-w-polsce-dzialalnosc-simp-w-regionie-podbeskidzia-1996\/\" aria-label=\"Read more about Z kart historii: 70 lat dzia\u0142alno\u015bci SIMP w Polsce &#8211; Dzia\u0142alno\u015b\u0107 SIMP w Regionie Podbeskidzia &#8211; 1996\" tabindex=\"-1\" >\n\t\t\tCzytaj wi\u0119cej\t\t<\/a>\n\n\t\t\t\t\t<\/div>\n\t\t\t\t<\/div>\n\t\t\t\t<\/article>\n\t\t\t\t<article class=\"elementor-post elementor-grid-item post-6273 post type-post status-publish format-standard hentry category-historia\" role=\"listitem\">\n\t\t\t\t<div class=\"elementor-post__text\">\n\t\t\t\t<h3 class=\"elementor-post__title\">\n\t\t\t<a href=\"https:\/\/simp.bielsko.pl\/index.php\/2025\/10\/20\/z-kart-historii-narada-przewodniczacych-kol-simp-21-03-1986\/\" >\n\t\t\t\tZ kart historii: Narada Przewodnicz\u0105cych k\u00f3\u0142 SIMP 21.03.1986\t\t\t<\/a>\n\t\t<\/h3>\n\t\t\t\t<div class=\"elementor-post__meta-data\">\n\t\t\t\t\t<span class=\"elementor-post-date\">\n\t\t\t2025-10-20\t\t<\/span>\n\t\t\t\t<\/div>\n\t\t\t\t<div class=\"elementor-post__excerpt\">\n\t\t\t\t\t<\/div>\n\t\t\t\t\t<div class=\"elementor-post__read-more-wrapper\">\n\t\t\n\t\t<a class=\"elementor-post__read-more\" href=\"https:\/\/simp.bielsko.pl\/index.php\/2025\/10\/20\/z-kart-historii-narada-przewodniczacych-kol-simp-21-03-1986\/\" aria-label=\"Read more about Z kart historii: Narada Przewodnicz\u0105cych k\u00f3\u0142 SIMP 21.03.1986\" tabindex=\"-1\" >\n\t\t\tCzytaj wi\u0119cej\t\t<\/a>\n\n\t\t\t\t\t<\/div>\n\t\t\t\t<\/div>\n\t\t\t\t<\/article>\n\t\t\t\t<article class=\"elementor-post elementor-grid-item post-6257 post type-post status-publish format-standard hentry category-historia\" role=\"listitem\">\n\t\t\t\t<div class=\"elementor-post__text\">\n\t\t\t\t<h3 class=\"elementor-post__title\">\n\t\t\t<a href=\"https:\/\/simp.bielsko.pl\/index.php\/2025\/10\/20\/walne-zgromadzenie-delegatow-oddzialu-wojewodzkiego-simp-30-03-1990\/\" >\n\t\t\t\tZ kart historii: Walne Zgromadzenie Delegat\u00f3w Oddzia\u0142u Wojew\u00f3dzkiego SIMP &#8211; 30.03.1990\t\t\t<\/a>\n\t\t<\/h3>\n\t\t\t\t<div class=\"elementor-post__meta-data\">\n\t\t\t\t\t<span class=\"elementor-post-date\">\n\t\t\t2025-10-20\t\t<\/span>\n\t\t\t\t<\/div>\n\t\t\t\t<div class=\"elementor-post__excerpt\">\n\t\t\t\t\t<\/div>\n\t\t\t\t\t<div class=\"elementor-post__read-more-wrapper\">\n\t\t\n\t\t<a class=\"elementor-post__read-more\" href=\"https:\/\/simp.bielsko.pl\/index.php\/2025\/10\/20\/walne-zgromadzenie-delegatow-oddzialu-wojewodzkiego-simp-30-03-1990\/\" aria-label=\"Read more about Z kart historii: Walne Zgromadzenie Delegat\u00f3w Oddzia\u0142u Wojew\u00f3dzkiego SIMP &#8211; 30.03.1990\" tabindex=\"-1\" >\n\t\t\tCzytaj wi\u0119cej\t\t<\/a>\n\n\t\t\t\t\t<\/div>\n\t\t\t\t<\/div>\n\t\t\t\t<\/article>\n\t\t\t\t<article class=\"elementor-post elementor-grid-item post-6254 post type-post status-publish format-standard hentry category-historia\" role=\"listitem\">\n\t\t\t\t<div class=\"elementor-post__text\">\n\t\t\t\t<h3 class=\"elementor-post__title\">\n\t\t\t<a href=\"https:\/\/simp.bielsko.pl\/index.php\/2025\/10\/20\/tablo-simp-o-bielsko-biala-kolo-seniorow-1972-1996\/\" >\n\t\t\t\tTablo: SIMP o. Bielsko-Bia\u0142a, Ko\u0142o Senior\u00f3w 1972-1996\t\t\t<\/a>\n\t\t<\/h3>\n\t\t\t\t<div class=\"elementor-post__meta-data\">\n\t\t\t\t\t<span class=\"elementor-post-date\">\n\t\t\t2025-10-20\t\t<\/span>\n\t\t\t\t<\/div>\n\t\t\t\t<div class=\"elementor-post__excerpt\">\n\t\t\t\t\t<\/div>\n\t\t\t\t\t<div class=\"elementor-post__read-more-wrapper\">\n\t\t\n\t\t<a class=\"elementor-post__read-more\" href=\"https:\/\/simp.bielsko.pl\/index.php\/2025\/10\/20\/tablo-simp-o-bielsko-biala-kolo-seniorow-1972-1996\/\" aria-label=\"Read more about Tablo: SIMP o. Bielsko-Bia\u0142a, Ko\u0142o Senior\u00f3w 1972-1996\" tabindex=\"-1\" >\n\t\t\tCzytaj wi\u0119cej\t\t<\/a>\n\n\t\t\t\t\t<\/div>\n\t\t\t\t<\/div>\n\t\t\t\t<\/article>\n\t\t\t\t<article class=\"elementor-post elementor-grid-item post-6247 post type-post status-publish format-standard hentry category-historia\" role=\"listitem\">\n\t\t\t\t<div class=\"elementor-post__text\">\n\t\t\t\t<h3 class=\"elementor-post__title\">\n\t\t\t<a href=\"https:\/\/simp.bielsko.pl\/index.php\/2025\/10\/20\/50-lecie-oddzialu-simp-w-bielsku-bialej\/\" >\n\t\t\t\tZ kart historii: 50-lecie Oddzia\u0142u SIMP w Bielsku-Bia\u0142ej\t\t\t<\/a>\n\t\t<\/h3>\n\t\t\t\t<div class=\"elementor-post__meta-data\">\n\t\t\t\t\t<span class=\"elementor-post-date\">\n\t\t\t2025-10-20\t\t<\/span>\n\t\t\t\t<\/div>\n\t\t\t\t<div class=\"elementor-post__excerpt\">\n\t\t\t\t\t<\/div>\n\t\t\t\t\t<div class=\"elementor-post__read-more-wrapper\">\n\t\t\n\t\t<a class=\"elementor-post__read-more\" href=\"https:\/\/simp.bielsko.pl\/index.php\/2025\/10\/20\/50-lecie-oddzialu-simp-w-bielsku-bialej\/\" aria-label=\"Read more about Z kart historii: 50-lecie Oddzia\u0142u SIMP w Bielsku-Bia\u0142ej\" tabindex=\"-1\" >\n\t\t\tCzytaj wi\u0119cej\t\t<\/a>\n\n\t\t\t\t\t<\/div>\n\t\t\t\t<\/div>\n\t\t\t\t<\/article>\n\t\t\t\t<\/div>\n\t\t\n\t\t\t\t\t\t<\/div>\n\t\t\t\t<\/div>\n\t\t\t\t\t<\/div>\n\t\t<\/div>\n\t\t\t\t\t<\/div>\n\t\t<\/section>\n\t\t\t\t<\/div>\n\t\t","protected":false},"excerpt":{"rendered":"","protected":false},"author":1,"featured_media":0,"parent":0,"menu_order":0,"comment_status":"closed","ping_status":"closed","template":"","meta":{"footnotes":""},"class_list":["post-6230","page","type-page","status-publish","hentry"],"_links":{"self":[{"href":"https:\/\/simp.bielsko.pl\/index.php\/wp-json\/wp\/v2\/pages\/6230","targetHints":{"allow":["GET"]}}],"collection":[{"href":"https:\/\/simp.bielsko.pl\/index.php\/wp-json\/wp\/v2\/pages"}],"about":[{"href":"https:\/\/simp.bielsko.pl\/index.php\/wp-json\/wp\/v2\/types\/page"}],"author":[{"embeddable":true,"href":"https:\/\/simp.bielsko.pl\/index.php\/wp-json\/wp\/v2\/users\/1"}],"replies":[{"embeddable":true,"href":"https:\/\/simp.bielsko.pl\/index.php\/wp-json\/wp\/v2\/comments?post=6230"}],"version-history":[{"count":7,"href":"https:\/\/simp.bielsko.pl\/index.php\/wp-json\/wp\/v2\/pages\/6230\/revisions"}],"predecessor-version":[{"id":6332,"href":"https:\/\/simp.bielsko.pl\/index.php\/wp-json\/wp\/v2\/pages\/6230\/revisions\/6332"}],"wp:attachment":[{"href":"https:\/\/simp.bielsko.pl\/index.php\/wp-json\/wp\/v2\/media?parent=6230"}],"curies":[{"name":"wp","href":"https:\/\/api.w.org\/{rel}","templated":true}]}}