{"id":6298,"date":"2025-10-20T14:28:03","date_gmt":"2025-10-20T12:28:03","guid":{"rendered":"https:\/\/simp.bielsko.pl\/?page_id=6298"},"modified":"2026-02-17T10:18:37","modified_gmt":"2026-02-17T09:18:37","slug":"konkurs-prac-dyplomowych","status":"publish","type":"page","link":"https:\/\/simp.bielsko.pl\/index.php\/konkurs-prac-dyplomowych\/","title":{"rendered":"Konkurs prac dyplomowych"},"content":{"rendered":"<p><center><strong>XXVI EDYCJA OG\u00d3LNOPOLSKIEGO KONKURSU o dyplom i nagrod\u0119 Prezesa SIMP na najlepsz\u0105 prac\u0119 dyplomow\u0105 o profilu mechanicznym wykonan\u0105 i obronion\u0105 w polskiej uczelni technicznej \u2013 rok akad. 2025\/2026<\/strong><\/center>&nbsp;<\/p>\n<p>Stowarzyszenie In\u017cynier\u00f3w i Technik\u00f3w Mechanik\u00f3w Polskich, Zarz\u0105d G\u0142\u00f3wny w Warszawie organizuje XXVI EDYCJ\u0118 OG\u00d3LNOPOLSKIEGO KONKURSU o dyplom i nagrod\u0119 Prezesa SIMP na najlepsz\u0105 prac\u0119 dyplomow\u0105 o profilu mechanicznym wykonan\u0105 i obronion\u0105 w polskiej uczelni technicznej.<\/p>\n<p>&nbsp;<\/p>\n<p><strong>Termin sk\u0142adania prac z\u00a0niezb\u0119dnymi opiniami:<\/strong><\/p>\n<ul>\n<li>I etap, do 15 pa\u017adziernika 2026r.<\/li>\n<li>II etap, do 15 listopada 2026r.<\/li>\n<\/ul>\n<p><strong>Konkurs adresowany jest do:<\/strong><\/p>\n<ol>\n<li>dyplomant\u00f3w studi\u00f3w I\u00a0stopnia (in\u017cynierskich) i\u00a0II\u00a0stopnia (magisterskich) wydzia\u0142\u00f3w mechanicznych oraz\u00a0innych wydzia\u0142\u00f3w prowadz\u0105cych studia o\u00a0profilu mechanicznym na\u00a0politechnikach i\u00a0w\u00a0innych publicznych wy\u017cszych szko\u0142ach technicznych, w\u00a0kt\u00f3rych\u00a0wykonywane s\u0105\u00a0prace dyplomowe z\u00a0dyscyplin o\u00a0profilu mechanicznym oraz\u00a0z\u00a0zakresu dyscyplin pokrewnych.<\/li>\n<li>promotor\u00f3w prac dyplomowych.<\/li>\n<\/ol>\n<p><strong>Konkurs jest dwuetapowy.<\/strong><\/p>\n<p>Uczestnikami Konkursu mog\u0105 by\u0107 dyplomanci uczelni wymienionych w\u00a0pkt. 3 regulaminu Konkursu, kt\u00f3rych\u00a0prace spe\u0142niaj\u0105 nast\u0119puj\u0105ce warunki:<\/p>\n<ul>\n<li>Etap I: praca dyplomowa zosta\u0142a z\u0142o\u017cona w\u00a0terminie,\n<ul>\n<li>praca dyplomowa zosta\u0142a obroniona,<\/li>\n<li>praca dyplomowa zosta\u0142a oceniona na\u00a0stopie\u0144 bardzo dobry.<\/li>\n<\/ul>\n<\/li>\n<\/ul>\n<ul>\n<li>Etap II: praca dyplomowa zosta\u0142a z\u0142o\u017cona w\u00a0terminie,\n<ul>\n<li>praca dyplomowa zosta\u0142a obroniona,<\/li>\n<li>praca dyplomowa zosta\u0142a oceniona na\u00a0stopie\u0144 bardzo dobry,<\/li>\n<li>jest decyzja Oddzia\u0142owej Komisji Konkursowej o\u00a0zakwalifikowaniu pracy do\u00a0II\u00a0Etapu konkursu (do\u00a0fina\u0142u).<\/li>\n<\/ul>\n<\/li>\n<\/ul>\n<p>Regulamin &#8211;\u00a0<a title=\"regulamin_konkursu_20112019.docx\" href=\"https:\/\/simp.ubb.edu.pl\/fcp\/4HFNIBD8dJBYXMwoXQH5hbkpmfHIGFBcNBi4oGgg4ET0LXRoaMRkmV1lOEx9AaGExCRsxIAYZGQs4MyVXXHReJRUEXVpyAjIQETMKF0B-YWBJfXIt\/_users\/code_0DQNBBTkZMh4KLBYRAGomPA9qIDw\/simp\/regulamin_konkursu_20112019.docx\">plik<\/a><\/p>\n<p>Zg\u0142oszenie &#8211;\u00a0<a title=\"wniosek-zgloszeniowy.doc\" href=\"https:\/\/simp.ubb.edu.pl\/fcp\/4HFNIBD8dJBYXMwoXQH5hbkpmfHIGFBcNBi4oGgg4ET0LXRoaMRkmV1lOEx9AaGExCRsxIAYZGQs4MyVXXHReJRUEXVpyAjIQETMKF0B-YWBJfXIt\/_users\/code_0DQNBBTkZMh4KLBYRAGomPA9qIDw\/simp\/wniosek-zgloszeniowy.doc\">plik<\/a><\/p>\n<p><img fetchpriority=\"high\" decoding=\"async\" class=\"aligncenter size-full wp-image-6299\" src=\"https:\/\/simp.bielsko.pl\/wp-content\/uploads\/2025\/10\/plakat-praca-dyplomowa-2025-z-logo.jpg\" alt=\"\" width=\"1169\" height=\"1653\" srcset=\"https:\/\/simp.bielsko.pl\/wp-content\/uploads\/2025\/10\/plakat-praca-dyplomowa-2025-z-logo.jpg 1169w, https:\/\/simp.bielsko.pl\/wp-content\/uploads\/2025\/10\/plakat-praca-dyplomowa-2025-z-logo-212x300.jpg 212w, https:\/\/simp.bielsko.pl\/wp-content\/uploads\/2025\/10\/plakat-praca-dyplomowa-2025-z-logo-724x1024.jpg 724w\" sizes=\"(max-width: 1169px) 100vw, 1169px\" \/><\/p>\n","protected":false},"excerpt":{"rendered":"<p>XXVI EDYCJA OG\u00d3LNOPOLSKIEGO KONKURSU o dyplom i nagrod\u0119 Prezesa SIMP na najlepsz\u0105 prac\u0119 dyplomow\u0105 o profilu mechanicznym wykonan\u0105 i obronion\u0105 w polskiej uczelni technicznej \u2013 rok akad. 2025\/2026&nbsp; Stowarzyszenie In\u017cynier\u00f3w i Technik\u00f3w Mechanik\u00f3w Polskich, Zarz\u0105d G\u0142\u00f3wny w Warszawie organizuje XXVI EDYCJ\u0118 OG\u00d3LNOPOLSKIEGO KONKURSU o dyplom i nagrod\u0119 Prezesa SIMP na najlepsz\u0105 prac\u0119 dyplomow\u0105 o profilu <a href=\"https:\/\/simp.bielsko.pl\/index.php\/konkurs-prac-dyplomowych\/\" class=\"more-link\">&#8230;<span class=\"screen-reader-text\">  Konkurs prac dyplomowych<\/span><\/a><\/p>\n","protected":false},"author":2,"featured_media":0,"parent":0,"menu_order":0,"comment_status":"closed","ping_status":"closed","template":"","meta":{"footnotes":""},"class_list":["post-6298","page","type-page","status-publish","hentry"],"_links":{"self":[{"href":"https:\/\/simp.bielsko.pl\/index.php\/wp-json\/wp\/v2\/pages\/6298","targetHints":{"allow":["GET"]}}],"collection":[{"href":"https:\/\/simp.bielsko.pl\/index.php\/wp-json\/wp\/v2\/pages"}],"about":[{"href":"https:\/\/simp.bielsko.pl\/index.php\/wp-json\/wp\/v2\/types\/page"}],"author":[{"embeddable":true,"href":"https:\/\/simp.bielsko.pl\/index.php\/wp-json\/wp\/v2\/users\/2"}],"replies":[{"embeddable":true,"href":"https:\/\/simp.bielsko.pl\/index.php\/wp-json\/wp\/v2\/comments?post=6298"}],"version-history":[{"count":13,"href":"https:\/\/simp.bielsko.pl\/index.php\/wp-json\/wp\/v2\/pages\/6298\/revisions"}],"predecessor-version":[{"id":6403,"href":"https:\/\/simp.bielsko.pl\/index.php\/wp-json\/wp\/v2\/pages\/6298\/revisions\/6403"}],"wp:attachment":[{"href":"https:\/\/simp.bielsko.pl\/index.php\/wp-json\/wp\/v2\/media?parent=6298"}],"curies":[{"name":"wp","href":"https:\/\/api.w.org\/{rel}","templated":true}]}}